{"id":1044,"date":"2025-03-31T13:48:44","date_gmt":"2025-03-31T13:48:44","guid":{"rendered":"https:\/\/coopdepedal.com\/producto\/original-bullitt\/"},"modified":"2025-03-31T13:48:44","modified_gmt":"2025-03-31T13:48:44","slug":"original-bullitt","status":"publish","type":"product","link":"https:\/\/coopdepedal.com\/ca\/producto\/original-bullitt\/","title":{"rendered":"ORIGINAL BULLITT"},"content":{"rendered":"<p>La bicicleta de carga Bullitt siempre ha sido y sigue siendo la soluci\u00f3n m\u00e1s flexible disponible. Dise\u00f1ada para durar, ser r\u00e1pida, divertida y resistente, la Bullitt es m\u00e1s que una simple m\u00e1quina y es adorada por familias, mensajeros en bicicleta, empresas y aventureros de todo el mundo que la usan a diario para todas sus necesidades de transporte.<\/p>\n<p>Incluido de serie con la Bullitt Original: Sillin race negro, tija de sillin 350 mm, potencia de 60 mm, elevador de manillar, pu\u00f1os lock on y kit de guardabarros. Honeycomb no incluido.<\/p>\n","protected":false},"excerpt":{"rendered":"<p>La bicicleta de carga Bullitt siempre ha sido y sigue siendo la soluci\u00f3n m\u00e1s flexible disponible. Dise\u00f1ada para durar, ser r\u00e1pida, divertida y resistente, la Bullitt es m\u00e1s que una simple m\u00e1quina y es adorada por familias, mensajeros en bicicleta, empresas y aventureros de todo el mundo que la usan a diario para todas sus [&hellip;]<\/p>\n","protected":false},"featured_media":896,"comment_status":"open","ping_status":"closed","template":"","meta":{"site-sidebar-layout":"default","site-content-layout":"","ast-site-content-layout":"default","site-content-style":"default","site-sidebar-style":"default","ast-global-header-display":"","ast-banner-title-visibility":"","ast-main-header-display":"","ast-hfb-above-header-display":"","ast-hfb-below-header-display":"","ast-hfb-mobile-header-display":"","site-post-title":"","ast-breadcrumbs-content":"","ast-featured-img":"","footer-sml-layout":"","theme-transparent-header-meta":"default","adv-header-id-meta":"","stick-header-meta":"default","header-above-stick-meta":"","header-main-stick-meta":"","header-below-stick-meta":"","astra-migrate-meta-layouts":"set","ast-page-background-enabled":"default","ast-page-background-meta":{"desktop":{"background-color":"var(--ast-global-color-4)","background-image":"","background-repeat":"repeat","background-position":"center center","background-size":"auto","background-attachment":"scroll","background-type":"","background-media":"","overlay-type":"","overlay-color":"","overlay-opacity":"","overlay-gradient":""},"tablet":{"background-color":"","background-image":"","background-repeat":"repeat","background-position":"center center","background-size":"auto","background-attachment":"scroll","background-type":"","background-media":"","overlay-type":"","overlay-color":"","overlay-opacity":"","overlay-gradient":""},"mobile":{"background-color":"","background-image":"","background-repeat":"repeat","background-position":"center center","background-size":"auto","background-attachment":"scroll","background-type":"","background-media":"","overlay-type":"","overlay-color":"","overlay-opacity":"","overlay-gradient":""}},"ast-content-background-meta":{"desktop":{"background-color":"var(--ast-global-color-5)","background-image":"","background-repeat":"repeat","background-position":"center center","background-size":"auto","background-attachment":"scroll","background-type":"","background-media":"","overlay-type":"","overlay-color":"","overlay-opacity":"","overlay-gradient":""},"tablet":{"background-color":"var(--ast-global-color-5)","background-image":"","background-repeat":"repeat","background-position":"center center","background-size":"auto","background-attachment":"scroll","background-type":"","background-media":"","overlay-type":"","overlay-color":"","overlay-opacity":"","overlay-gradient":""},"mobile":{"background-color":"var(--ast-global-color-5)","background-image":"","background-repeat":"repeat","background-position":"center center","background-size":"auto","background-attachment":"scroll","background-type":"","background-media":"","overlay-type":"","overlay-color":"","overlay-opacity":"","overlay-gradient":""}}},"product_brand":[],"product_cat":[39],"product_tag":[],"class_list":{"0":"post-1044","1":"product","2":"type-product","3":"status-publish","4":"has-post-thumbnail","6":"product_cat-bullitt-ca","7":"desktop-align-left","8":"tablet-align-left","9":"mobile-align-left","10":"ast-product-gallery-layout-horizontal-slider","11":"ast-magnify-disabled","13":"first","14":"instock","15":"shipping-taxable","16":"purchasable","17":"product-type-simple"},"yoast_head":"<!-- This site is optimized with the Yoast SEO plugin v24.8.1 - https:\/\/yoast.com\/wordpress\/plugins\/seo\/ -->\n<title>ORIGINAL BULLITT - Coop de Pedal<\/title>\n<meta name=\"robots\" content=\"index, follow, max-snippet:-1, max-image-preview:large, max-video-preview:-1\" \/>\n<link rel=\"canonical\" href=\"https:\/\/coopdepedal.com\/ca\/producto\/original-bullitt\/\" \/>\n<meta property=\"og:locale\" content=\"ca_ES\" \/>\n<meta property=\"og:type\" content=\"article\" \/>\n<meta property=\"og:title\" content=\"ORIGINAL BULLITT - Coop de Pedal\" \/>\n<meta property=\"og:description\" content=\"La bicicleta de carga Bullitt siempre ha sido y sigue siendo la soluci\u00f3n m\u00e1s flexible disponible. Dise\u00f1ada para durar, ser r\u00e1pida, divertida y resistente, la Bullitt es m\u00e1s que una simple m\u00e1quina y es adorada por familias, mensajeros en bicicleta, empresas y aventureros de todo el mundo que la usan a diario para todas sus [&hellip;]\" \/>\n<meta property=\"og:url\" content=\"https:\/\/coopdepedal.com\/ca\/producto\/original-bullitt\/\" \/>\n<meta property=\"og:site_name\" content=\"Coop de Pedal\" \/>\n<meta property=\"og:image\" content=\"https:\/\/coopdepedal.com\/wp-content\/uploads\/2025\/03\/Bullitt-Bollocks_2020_0021-1.jpg\" \/>\n\t<meta property=\"og:image:width\" content=\"1920\" \/>\n\t<meta property=\"og:image:height\" content=\"1080\" \/>\n\t<meta property=\"og:image:type\" content=\"image\/jpeg\" \/>\n<meta name=\"twitter:card\" content=\"summary_large_image\" \/>\n<meta name=\"twitter:label1\" content=\"Temps estimat de lectura\" \/>\n\t<meta name=\"twitter:data1\" content=\"1 minut\" \/>\n<script type=\"application\/ld+json\" class=\"yoast-schema-graph\">{\"@context\":\"https:\/\/schema.org\",\"@graph\":[{\"@type\":\"WebPage\",\"@id\":\"https:\/\/coopdepedal.com\/ca\/producto\/original-bullitt\/\",\"url\":\"https:\/\/coopdepedal.com\/ca\/producto\/original-bullitt\/\",\"name\":\"ORIGINAL BULLITT - Coop de Pedal\",\"isPartOf\":{\"@id\":\"https:\/\/coopdepedal.com\/#website\"},\"primaryImageOfPage\":{\"@id\":\"https:\/\/coopdepedal.com\/ca\/producto\/original-bullitt\/#primaryimage\"},\"image\":{\"@id\":\"https:\/\/coopdepedal.com\/ca\/producto\/original-bullitt\/#primaryimage\"},\"thumbnailUrl\":\"https:\/\/coopdepedal.com\/wp-content\/uploads\/2025\/03\/Bullitt-Bollocks_2020_0021-1.jpg\",\"datePublished\":\"2025-03-31T13:48:44+00:00\",\"breadcrumb\":{\"@id\":\"https:\/\/coopdepedal.com\/ca\/producto\/original-bullitt\/#breadcrumb\"},\"inLanguage\":\"ca\",\"potentialAction\":[{\"@type\":\"ReadAction\",\"target\":[\"https:\/\/coopdepedal.com\/ca\/producto\/original-bullitt\/\"]}]},{\"@type\":\"ImageObject\",\"inLanguage\":\"ca\",\"@id\":\"https:\/\/coopdepedal.com\/ca\/producto\/original-bullitt\/#primaryimage\",\"url\":\"https:\/\/coopdepedal.com\/wp-content\/uploads\/2025\/03\/Bullitt-Bollocks_2020_0021-1.jpg\",\"contentUrl\":\"https:\/\/coopdepedal.com\/wp-content\/uploads\/2025\/03\/Bullitt-Bollocks_2020_0021-1.jpg\",\"width\":1920,\"height\":1080},{\"@type\":\"BreadcrumbList\",\"@id\":\"https:\/\/coopdepedal.com\/ca\/producto\/original-bullitt\/#breadcrumb\",\"itemListElement\":[{\"@type\":\"ListItem\",\"position\":1,\"name\":\"Home\",\"item\":\"https:\/\/coopdepedal.com\/\"},{\"@type\":\"ListItem\",\"position\":2,\"name\":\"Shop\",\"item\":\"https:\/\/coopdepedal.com\/ca\/shop\/\"},{\"@type\":\"ListItem\",\"position\":3,\"name\":\"ORIGINAL BULLITT\"}]},{\"@type\":\"WebSite\",\"@id\":\"https:\/\/coopdepedal.com\/#website\",\"url\":\"https:\/\/coopdepedal.com\/\",\"name\":\"Coop de Pedal\",\"description\":\"Bicimissatgeria express\",\"publisher\":{\"@id\":\"https:\/\/coopdepedal.com\/#organization\"},\"potentialAction\":[{\"@type\":\"SearchAction\",\"target\":{\"@type\":\"EntryPoint\",\"urlTemplate\":\"https:\/\/coopdepedal.com\/?s={search_term_string}\"},\"query-input\":{\"@type\":\"PropertyValueSpecification\",\"valueRequired\":true,\"valueName\":\"search_term_string\"}}],\"inLanguage\":\"ca\"},{\"@type\":\"Organization\",\"@id\":\"https:\/\/coopdepedal.com\/#organization\",\"name\":\"Coop de Pedal\",\"url\":\"https:\/\/coopdepedal.com\/\",\"logo\":{\"@type\":\"ImageObject\",\"inLanguage\":\"ca\",\"@id\":\"https:\/\/coopdepedal.com\/#\/schema\/logo\/image\/\",\"url\":\"https:\/\/coopdepedal.com\/wp-content\/uploads\/2025\/03\/cropped-logotips-coopdepedal-17.png\",\"contentUrl\":\"https:\/\/coopdepedal.com\/wp-content\/uploads\/2025\/03\/cropped-logotips-coopdepedal-17.png\",\"width\":3026,\"height\":1018,\"caption\":\"Coop de Pedal\"},\"image\":{\"@id\":\"https:\/\/coopdepedal.com\/#\/schema\/logo\/image\/\"}}]}<\/script>\n<!-- \/ Yoast SEO plugin. -->","yoast_head_json":{"title":"ORIGINAL BULLITT - Coop de Pedal","robots":{"index":"index","follow":"follow","max-snippet":"max-snippet:-1","max-image-preview":"max-image-preview:large","max-video-preview":"max-video-preview:-1"},"canonical":"https:\/\/coopdepedal.com\/ca\/producto\/original-bullitt\/","og_locale":"ca_ES","og_type":"article","og_title":"ORIGINAL BULLITT - Coop de Pedal","og_description":"La bicicleta de carga Bullitt siempre ha sido y sigue siendo la soluci\u00f3n m\u00e1s flexible disponible. Dise\u00f1ada para durar, ser r\u00e1pida, divertida y resistente, la Bullitt es m\u00e1s que una simple m\u00e1quina y es adorada por familias, mensajeros en bicicleta, empresas y aventureros de todo el mundo que la usan a diario para todas sus [&hellip;]","og_url":"https:\/\/coopdepedal.com\/ca\/producto\/original-bullitt\/","og_site_name":"Coop de Pedal","og_image":[{"width":1920,"height":1080,"url":"https:\/\/coopdepedal.com\/wp-content\/uploads\/2025\/03\/Bullitt-Bollocks_2020_0021-1.jpg","type":"image\/jpeg"}],"twitter_card":"summary_large_image","twitter_misc":{"Temps estimat de lectura":"1 minut"},"schema":{"@context":"https:\/\/schema.org","@graph":[{"@type":"WebPage","@id":"https:\/\/coopdepedal.com\/ca\/producto\/original-bullitt\/","url":"https:\/\/coopdepedal.com\/ca\/producto\/original-bullitt\/","name":"ORIGINAL BULLITT - Coop de Pedal","isPartOf":{"@id":"https:\/\/coopdepedal.com\/#website"},"primaryImageOfPage":{"@id":"https:\/\/coopdepedal.com\/ca\/producto\/original-bullitt\/#primaryimage"},"image":{"@id":"https:\/\/coopdepedal.com\/ca\/producto\/original-bullitt\/#primaryimage"},"thumbnailUrl":"https:\/\/coopdepedal.com\/wp-content\/uploads\/2025\/03\/Bullitt-Bollocks_2020_0021-1.jpg","datePublished":"2025-03-31T13:48:44+00:00","breadcrumb":{"@id":"https:\/\/coopdepedal.com\/ca\/producto\/original-bullitt\/#breadcrumb"},"inLanguage":"ca","potentialAction":[{"@type":"ReadAction","target":["https:\/\/coopdepedal.com\/ca\/producto\/original-bullitt\/"]}]},{"@type":"ImageObject","inLanguage":"ca","@id":"https:\/\/coopdepedal.com\/ca\/producto\/original-bullitt\/#primaryimage","url":"https:\/\/coopdepedal.com\/wp-content\/uploads\/2025\/03\/Bullitt-Bollocks_2020_0021-1.jpg","contentUrl":"https:\/\/coopdepedal.com\/wp-content\/uploads\/2025\/03\/Bullitt-Bollocks_2020_0021-1.jpg","width":1920,"height":1080},{"@type":"BreadcrumbList","@id":"https:\/\/coopdepedal.com\/ca\/producto\/original-bullitt\/#breadcrumb","itemListElement":[{"@type":"ListItem","position":1,"name":"Home","item":"https:\/\/coopdepedal.com\/"},{"@type":"ListItem","position":2,"name":"Shop","item":"https:\/\/coopdepedal.com\/ca\/shop\/"},{"@type":"ListItem","position":3,"name":"ORIGINAL BULLITT"}]},{"@type":"WebSite","@id":"https:\/\/coopdepedal.com\/#website","url":"https:\/\/coopdepedal.com\/","name":"Coop de Pedal","description":"Bicimissatgeria express","publisher":{"@id":"https:\/\/coopdepedal.com\/#organization"},"potentialAction":[{"@type":"SearchAction","target":{"@type":"EntryPoint","urlTemplate":"https:\/\/coopdepedal.com\/?s={search_term_string}"},"query-input":{"@type":"PropertyValueSpecification","valueRequired":true,"valueName":"search_term_string"}}],"inLanguage":"ca"},{"@type":"Organization","@id":"https:\/\/coopdepedal.com\/#organization","name":"Coop de Pedal","url":"https:\/\/coopdepedal.com\/","logo":{"@type":"ImageObject","inLanguage":"ca","@id":"https:\/\/coopdepedal.com\/#\/schema\/logo\/image\/","url":"https:\/\/coopdepedal.com\/wp-content\/uploads\/2025\/03\/cropped-logotips-coopdepedal-17.png","contentUrl":"https:\/\/coopdepedal.com\/wp-content\/uploads\/2025\/03\/cropped-logotips-coopdepedal-17.png","width":3026,"height":1018,"caption":"Coop de Pedal"},"image":{"@id":"https:\/\/coopdepedal.com\/#\/schema\/logo\/image\/"}}]}},"_links":{"self":[{"href":"https:\/\/coopdepedal.com\/ca\/wp-json\/wp\/v2\/product\/1044","targetHints":{"allow":["GET"]}}],"collection":[{"href":"https:\/\/coopdepedal.com\/ca\/wp-json\/wp\/v2\/product"}],"about":[{"href":"https:\/\/coopdepedal.com\/ca\/wp-json\/wp\/v2\/types\/product"}],"replies":[{"embeddable":true,"href":"https:\/\/coopdepedal.com\/ca\/wp-json\/wp\/v2\/comments?post=1044"}],"wp:featuredmedia":[{"embeddable":true,"href":"https:\/\/coopdepedal.com\/ca\/wp-json\/wp\/v2\/media\/896"}],"wp:attachment":[{"href":"https:\/\/coopdepedal.com\/ca\/wp-json\/wp\/v2\/media?parent=1044"}],"wp:term":[{"taxonomy":"product_brand","embeddable":true,"href":"https:\/\/coopdepedal.com\/ca\/wp-json\/wp\/v2\/product_brand?post=1044"},{"taxonomy":"product_cat","embeddable":true,"href":"https:\/\/coopdepedal.com\/ca\/wp-json\/wp\/v2\/product_cat?post=1044"},{"taxonomy":"product_tag","embeddable":true,"href":"https:\/\/coopdepedal.com\/ca\/wp-json\/wp\/v2\/product_tag?post=1044"}],"curies":[{"name":"wp","href":"https:\/\/api.w.org\/{rel}","templated":true}]}}