{"id":1546,"date":"2026-05-06T06:41:04","date_gmt":"2026-05-06T06:41:04","guid":{"rendered":"https:\/\/coopdepedal.com\/?post_type=product&#038;p=1546"},"modified":"2026-05-06T06:47:27","modified_gmt":"2026-05-06T06:47:27","slug":"super-mighty-jr","status":"publish","type":"product","link":"https:\/\/coopdepedal.com\/ca\/producto\/super-mighty-jr\/","title":{"rendered":"Super Mighty JR"},"content":{"rendered":"","protected":false},"excerpt":{"rendered":"<p>El Super Mighty Junior es el primer correpasillos con capacidad de carga para ni\u00f1os a partir de 2 a\u00f1os. Ligero, seguro y con dise\u00f1o inspirado en el modelo original, ofrece diversi\u00f3n y estabilidad desde los primeros paseos.<\/p>\n<p>Inspirado en el premiado dise\u00f1o del modelo Super Mighty, el Super Mighty Junior es el primer correpasillos de carga pensado para que los m\u00e1s peque\u00f1os descubran la movilidad de una forma divertida, segura y vers\u00e1til. Ideal para ni\u00f1os y ni\u00f1as desde los 2 a\u00f1os, permite transportar juguetes u objetos peque\u00f1os en su plataforma delantera, igual que una bici de carga de verdad.<\/p>\n<p>Con un centro de gravedad bajo y una geometr\u00eda ergon\u00f3mica, este correpasillos ofrece una conducci\u00f3n intuitiva y estable, incluso para los m\u00e1s peque\u00f1os. La zona de carga mide 30 cm de largo y 18 cm de ancho, y admite cajas peque\u00f1as tipo Eurobox o accesorios adaptados al soporte delantero.<\/p>\n<p>Fabricado en aluminio 6061, el Super Mighty Junior pesa solo 5,8 kg, lo que facilita su manejo y transporte. Las ruedas de 12\u2033 (trasera) y 10\u2033 (delantera) con neum\u00e1ticos tipo bal\u00f3n aportan suavidad y comodidad en todo tipo de superficies.<\/p>\n<p>La seguridad est\u00e1 garantizada con freno de llanta Tektro en la rueda trasera, empu\u00f1aduras de seguridad y reposapi\u00e9s integrados. Soporta un peso de hasta 30 kg, con una carga m\u00e1xima de 15 kg en la plataforma.<\/p>\n","protected":false},"featured_media":1547,"comment_status":"open","ping_status":"closed","template":"","meta":{"site-sidebar-layout":"default","site-content-layout":"","ast-site-content-layout":"default","site-content-style":"default","site-sidebar-style":"default","ast-global-header-display":"","ast-banner-title-visibility":"","ast-main-header-display":"","ast-hfb-above-header-display":"","ast-hfb-below-header-display":"","ast-hfb-mobile-header-display":"","site-post-title":"","ast-breadcrumbs-content":"","ast-featured-img":"","footer-sml-layout":"","theme-transparent-header-meta":"default","adv-header-id-meta":"","stick-header-meta":"default","header-above-stick-meta":"","header-main-stick-meta":"","header-below-stick-meta":"","astra-migrate-meta-layouts":"set","ast-page-background-enabled":"default","ast-page-background-meta":{"desktop":{"background-color":"var(--ast-global-color-4)","background-image":"","background-repeat":"repeat","background-position":"center center","background-size":"auto","background-attachment":"scroll","background-type":"","background-media":"","overlay-type":"","overlay-color":"","overlay-opacity":"","overlay-gradient":""},"tablet":{"background-color":"","background-image":"","background-repeat":"repeat","background-position":"center center","background-size":"auto","background-attachment":"scroll","background-type":"","background-media":"","overlay-type":"","overlay-color":"","overlay-opacity":"","overlay-gradient":""},"mobile":{"background-color":"","background-image":"","background-repeat":"repeat","background-position":"center center","background-size":"auto","background-attachment":"scroll","background-type":"","background-media":"","overlay-type":"","overlay-color":"","overlay-opacity":"","overlay-gradient":""}},"ast-content-background-meta":{"desktop":{"background-color":"var(--ast-global-color-5)","background-image":"","background-repeat":"repeat","background-position":"center center","background-size":"auto","background-attachment":"scroll","background-type":"","background-media":"","overlay-type":"","overlay-color":"","overlay-opacity":"","overlay-gradient":""},"tablet":{"background-color":"var(--ast-global-color-5)","background-image":"","background-repeat":"repeat","background-position":"center center","background-size":"auto","background-attachment":"scroll","background-type":"","background-media":"","overlay-type":"","overlay-color":"","overlay-opacity":"","overlay-gradient":""},"mobile":{"background-color":"var(--ast-global-color-5)","background-image":"","background-repeat":"repeat","background-position":"center center","background-size":"auto","background-attachment":"scroll","background-type":"","background-media":"","overlay-type":"","overlay-color":"","overlay-opacity":"","overlay-gradient":""}}},"product_brand":[],"product_cat":[44],"product_tag":[],"class_list":{"0":"post-1546","1":"product","2":"type-product","3":"status-publish","4":"has-post-thumbnail","6":"product_cat-super-bicycles-frontloader","7":"desktop-align-left","8":"tablet-align-left","9":"mobile-align-left","10":"ast-product-gallery-layout-horizontal-slider","11":"ast-magnify-disabled","12":"ast-product-single-variable","14":"first","15":"instock","16":"shipping-taxable","17":"purchasable","18":"product-type-variable"},"yoast_head":"<!-- This site is optimized with the Yoast SEO plugin v24.8.1 - https:\/\/yoast.com\/wordpress\/plugins\/seo\/ -->\n<title>Super Mighty JR - Coop de Pedal<\/title>\n<meta name=\"robots\" content=\"index, follow, max-snippet:-1, max-image-preview:large, max-video-preview:-1\" \/>\n<link rel=\"canonical\" href=\"https:\/\/coopdepedal.com\/producto\/super-mighty-jr\/\" \/>\n<meta property=\"og:locale\" content=\"ca_ES\" \/>\n<meta property=\"og:type\" content=\"article\" \/>\n<meta property=\"og:title\" content=\"Super Mighty JR - Coop de Pedal\" \/>\n<meta property=\"og:description\" content=\"El Super Mighty Junior es el primer correpasillos con capacidad de carga para ni\u00f1os a partir de 2 a\u00f1os. Ligero, seguro y con dise\u00f1o inspirado en el modelo original, ofrece diversi\u00f3n y estabilidad desde los primeros paseos.  Inspirado en el premiado dise\u00f1o del modelo Super Mighty, el Super Mighty Junior es el primer correpasillos de carga pensado para que los m\u00e1s peque\u00f1os descubran la movilidad de una forma divertida, segura y vers\u00e1til. Ideal para ni\u00f1os y ni\u00f1as desde los 2 a\u00f1os, permite transportar juguetes u objetos peque\u00f1os en su plataforma delantera, igual que una bici de carga de verdad.  Con un centro de gravedad bajo y una geometr\u00eda ergon\u00f3mica, este correpasillos ofrece una conducci\u00f3n intuitiva y estable, incluso para los m\u00e1s peque\u00f1os. La zona de carga mide 30 cm de largo y 18 cm de ancho, y admite cajas peque\u00f1as tipo Eurobox o accesorios adaptados al soporte delantero.  Fabricado en aluminio 6061, el Super Mighty Junior pesa solo 5,8 kg, lo que facilita su manejo y transporte. Las ruedas de 12\u2033 (trasera) y 10\u2033 (delantera) con neum\u00e1ticos tipo bal\u00f3n aportan suavidad y comodidad en todo tipo de superficies.  La seguridad est\u00e1 garantizada con freno de llanta Tektro en la rueda trasera, empu\u00f1aduras de seguridad y reposapi\u00e9s integrados. Soporta un peso de hasta 30 kg, con una carga m\u00e1xima de 15 kg en la plataforma.\" \/>\n<meta property=\"og:url\" content=\"https:\/\/coopdepedal.com\/producto\/super-mighty-jr\/\" \/>\n<meta property=\"og:site_name\" content=\"Coop de Pedal\" \/>\n<meta property=\"article:modified_time\" content=\"2026-05-06T06:47:27+00:00\" \/>\n<meta property=\"og:image\" content=\"https:\/\/coopdepedal.com\/wp-content\/uploads\/2026\/05\/img-productes-super-mighty-jr-5.jpg\" \/>\n\t<meta property=\"og:image:width\" content=\"1200\" \/>\n\t<meta property=\"og:image:height\" content=\"900\" \/>\n\t<meta property=\"og:image:type\" content=\"image\/jpeg\" \/>\n<meta name=\"twitter:card\" content=\"summary_large_image\" \/>\n<meta name=\"twitter:label1\" content=\"Temps estimat de lectura\" \/>\n\t<meta name=\"twitter:data1\" content=\"1 minut\" \/>\n<script type=\"application\/ld+json\" class=\"yoast-schema-graph\">{\"@context\":\"https:\/\/schema.org\",\"@graph\":[{\"@type\":\"WebPage\",\"@id\":\"https:\/\/coopdepedal.com\/producto\/super-mighty-jr\/\",\"url\":\"https:\/\/coopdepedal.com\/producto\/super-mighty-jr\/\",\"name\":\"Super Mighty JR - Coop de Pedal\",\"isPartOf\":{\"@id\":\"https:\/\/coopdepedal.com\/#website\"},\"primaryImageOfPage\":{\"@id\":\"https:\/\/coopdepedal.com\/producto\/super-mighty-jr\/#primaryimage\"},\"image\":{\"@id\":\"https:\/\/coopdepedal.com\/producto\/super-mighty-jr\/#primaryimage\"},\"thumbnailUrl\":\"https:\/\/coopdepedal.com\/wp-content\/uploads\/2026\/05\/img-productes-super-mighty-jr-5.jpg\",\"datePublished\":\"2026-05-06T06:41:04+00:00\",\"dateModified\":\"2026-05-06T06:47:27+00:00\",\"breadcrumb\":{\"@id\":\"https:\/\/coopdepedal.com\/producto\/super-mighty-jr\/#breadcrumb\"},\"inLanguage\":\"ca\",\"potentialAction\":[{\"@type\":\"ReadAction\",\"target\":[\"https:\/\/coopdepedal.com\/producto\/super-mighty-jr\/\"]}]},{\"@type\":\"ImageObject\",\"inLanguage\":\"ca\",\"@id\":\"https:\/\/coopdepedal.com\/producto\/super-mighty-jr\/#primaryimage\",\"url\":\"https:\/\/coopdepedal.com\/wp-content\/uploads\/2026\/05\/img-productes-super-mighty-jr-5.jpg\",\"contentUrl\":\"https:\/\/coopdepedal.com\/wp-content\/uploads\/2026\/05\/img-productes-super-mighty-jr-5.jpg\",\"width\":1200,\"height\":900},{\"@type\":\"BreadcrumbList\",\"@id\":\"https:\/\/coopdepedal.com\/producto\/super-mighty-jr\/#breadcrumb\",\"itemListElement\":[{\"@type\":\"ListItem\",\"position\":1,\"name\":\"Home\",\"item\":\"https:\/\/coopdepedal.com\/\"},{\"@type\":\"ListItem\",\"position\":2,\"name\":\"Shop\",\"item\":\"https:\/\/coopdepedal.com\/ca\/shop\/\"},{\"@type\":\"ListItem\",\"position\":3,\"name\":\"Super Mighty JR\"}]},{\"@type\":\"WebSite\",\"@id\":\"https:\/\/coopdepedal.com\/#website\",\"url\":\"https:\/\/coopdepedal.com\/\",\"name\":\"Coop de Pedal\",\"description\":\"Bicimissatgeria express\",\"publisher\":{\"@id\":\"https:\/\/coopdepedal.com\/#organization\"},\"potentialAction\":[{\"@type\":\"SearchAction\",\"target\":{\"@type\":\"EntryPoint\",\"urlTemplate\":\"https:\/\/coopdepedal.com\/?s={search_term_string}\"},\"query-input\":{\"@type\":\"PropertyValueSpecification\",\"valueRequired\":true,\"valueName\":\"search_term_string\"}}],\"inLanguage\":\"ca\"},{\"@type\":\"Organization\",\"@id\":\"https:\/\/coopdepedal.com\/#organization\",\"name\":\"Coop de Pedal\",\"url\":\"https:\/\/coopdepedal.com\/\",\"logo\":{\"@type\":\"ImageObject\",\"inLanguage\":\"ca\",\"@id\":\"https:\/\/coopdepedal.com\/#\/schema\/logo\/image\/\",\"url\":\"https:\/\/coopdepedal.com\/wp-content\/uploads\/2025\/03\/cropped-logotips-coopdepedal-17.png\",\"contentUrl\":\"https:\/\/coopdepedal.com\/wp-content\/uploads\/2025\/03\/cropped-logotips-coopdepedal-17.png\",\"width\":3026,\"height\":1018,\"caption\":\"Coop de Pedal\"},\"image\":{\"@id\":\"https:\/\/coopdepedal.com\/#\/schema\/logo\/image\/\"}}]}<\/script>\n<!-- \/ Yoast SEO plugin. -->","yoast_head_json":{"title":"Super Mighty JR - Coop de Pedal","robots":{"index":"index","follow":"follow","max-snippet":"max-snippet:-1","max-image-preview":"max-image-preview:large","max-video-preview":"max-video-preview:-1"},"canonical":"https:\/\/coopdepedal.com\/producto\/super-mighty-jr\/","og_locale":"ca_ES","og_type":"article","og_title":"Super Mighty JR - Coop de Pedal","og_description":"El Super Mighty Junior es el primer correpasillos con capacidad de carga para ni\u00f1os a partir de 2 a\u00f1os. Ligero, seguro y con dise\u00f1o inspirado en el modelo original, ofrece diversi\u00f3n y estabilidad desde los primeros paseos.  Inspirado en el premiado dise\u00f1o del modelo Super Mighty, el Super Mighty Junior es el primer correpasillos de carga pensado para que los m\u00e1s peque\u00f1os descubran la movilidad de una forma divertida, segura y vers\u00e1til. Ideal para ni\u00f1os y ni\u00f1as desde los 2 a\u00f1os, permite transportar juguetes u objetos peque\u00f1os en su plataforma delantera, igual que una bici de carga de verdad.  Con un centro de gravedad bajo y una geometr\u00eda ergon\u00f3mica, este correpasillos ofrece una conducci\u00f3n intuitiva y estable, incluso para los m\u00e1s peque\u00f1os. La zona de carga mide 30 cm de largo y 18 cm de ancho, y admite cajas peque\u00f1as tipo Eurobox o accesorios adaptados al soporte delantero.  Fabricado en aluminio 6061, el Super Mighty Junior pesa solo 5,8 kg, lo que facilita su manejo y transporte. Las ruedas de 12\u2033 (trasera) y 10\u2033 (delantera) con neum\u00e1ticos tipo bal\u00f3n aportan suavidad y comodidad en todo tipo de superficies.  La seguridad est\u00e1 garantizada con freno de llanta Tektro en la rueda trasera, empu\u00f1aduras de seguridad y reposapi\u00e9s integrados. Soporta un peso de hasta 30 kg, con una carga m\u00e1xima de 15 kg en la plataforma.","og_url":"https:\/\/coopdepedal.com\/producto\/super-mighty-jr\/","og_site_name":"Coop de Pedal","article_modified_time":"2026-05-06T06:47:27+00:00","og_image":[{"width":1200,"height":900,"url":"https:\/\/coopdepedal.com\/wp-content\/uploads\/2026\/05\/img-productes-super-mighty-jr-5.jpg","type":"image\/jpeg"}],"twitter_card":"summary_large_image","twitter_misc":{"Temps estimat de lectura":"1 minut"},"schema":{"@context":"https:\/\/schema.org","@graph":[{"@type":"WebPage","@id":"https:\/\/coopdepedal.com\/producto\/super-mighty-jr\/","url":"https:\/\/coopdepedal.com\/producto\/super-mighty-jr\/","name":"Super Mighty JR - Coop de Pedal","isPartOf":{"@id":"https:\/\/coopdepedal.com\/#website"},"primaryImageOfPage":{"@id":"https:\/\/coopdepedal.com\/producto\/super-mighty-jr\/#primaryimage"},"image":{"@id":"https:\/\/coopdepedal.com\/producto\/super-mighty-jr\/#primaryimage"},"thumbnailUrl":"https:\/\/coopdepedal.com\/wp-content\/uploads\/2026\/05\/img-productes-super-mighty-jr-5.jpg","datePublished":"2026-05-06T06:41:04+00:00","dateModified":"2026-05-06T06:47:27+00:00","breadcrumb":{"@id":"https:\/\/coopdepedal.com\/producto\/super-mighty-jr\/#breadcrumb"},"inLanguage":"ca","potentialAction":[{"@type":"ReadAction","target":["https:\/\/coopdepedal.com\/producto\/super-mighty-jr\/"]}]},{"@type":"ImageObject","inLanguage":"ca","@id":"https:\/\/coopdepedal.com\/producto\/super-mighty-jr\/#primaryimage","url":"https:\/\/coopdepedal.com\/wp-content\/uploads\/2026\/05\/img-productes-super-mighty-jr-5.jpg","contentUrl":"https:\/\/coopdepedal.com\/wp-content\/uploads\/2026\/05\/img-productes-super-mighty-jr-5.jpg","width":1200,"height":900},{"@type":"BreadcrumbList","@id":"https:\/\/coopdepedal.com\/producto\/super-mighty-jr\/#breadcrumb","itemListElement":[{"@type":"ListItem","position":1,"name":"Home","item":"https:\/\/coopdepedal.com\/"},{"@type":"ListItem","position":2,"name":"Shop","item":"https:\/\/coopdepedal.com\/ca\/shop\/"},{"@type":"ListItem","position":3,"name":"Super Mighty JR"}]},{"@type":"WebSite","@id":"https:\/\/coopdepedal.com\/#website","url":"https:\/\/coopdepedal.com\/","name":"Coop de Pedal","description":"Bicimissatgeria express","publisher":{"@id":"https:\/\/coopdepedal.com\/#organization"},"potentialAction":[{"@type":"SearchAction","target":{"@type":"EntryPoint","urlTemplate":"https:\/\/coopdepedal.com\/?s={search_term_string}"},"query-input":{"@type":"PropertyValueSpecification","valueRequired":true,"valueName":"search_term_string"}}],"inLanguage":"ca"},{"@type":"Organization","@id":"https:\/\/coopdepedal.com\/#organization","name":"Coop de Pedal","url":"https:\/\/coopdepedal.com\/","logo":{"@type":"ImageObject","inLanguage":"ca","@id":"https:\/\/coopdepedal.com\/#\/schema\/logo\/image\/","url":"https:\/\/coopdepedal.com\/wp-content\/uploads\/2025\/03\/cropped-logotips-coopdepedal-17.png","contentUrl":"https:\/\/coopdepedal.com\/wp-content\/uploads\/2025\/03\/cropped-logotips-coopdepedal-17.png","width":3026,"height":1018,"caption":"Coop de Pedal"},"image":{"@id":"https:\/\/coopdepedal.com\/#\/schema\/logo\/image\/"}}]}},"_links":{"self":[{"href":"https:\/\/coopdepedal.com\/ca\/wp-json\/wp\/v2\/product\/1546","targetHints":{"allow":["GET"]}}],"collection":[{"href":"https:\/\/coopdepedal.com\/ca\/wp-json\/wp\/v2\/product"}],"about":[{"href":"https:\/\/coopdepedal.com\/ca\/wp-json\/wp\/v2\/types\/product"}],"replies":[{"embeddable":true,"href":"https:\/\/coopdepedal.com\/ca\/wp-json\/wp\/v2\/comments?post=1546"}],"wp:featuredmedia":[{"embeddable":true,"href":"https:\/\/coopdepedal.com\/ca\/wp-json\/wp\/v2\/media\/1547"}],"wp:attachment":[{"href":"https:\/\/coopdepedal.com\/ca\/wp-json\/wp\/v2\/media?parent=1546"}],"wp:term":[{"taxonomy":"product_brand","embeddable":true,"href":"https:\/\/coopdepedal.com\/ca\/wp-json\/wp\/v2\/product_brand?post=1546"},{"taxonomy":"product_cat","embeddable":true,"href":"https:\/\/coopdepedal.com\/ca\/wp-json\/wp\/v2\/product_cat?post=1546"},{"taxonomy":"product_tag","embeddable":true,"href":"https:\/\/coopdepedal.com\/ca\/wp-json\/wp\/v2\/product_tag?post=1546"}],"curies":[{"name":"wp","href":"https:\/\/api.w.org\/{rel}","templated":true}]}}