{"id":1586,"date":"2026-05-06T07:15:13","date_gmt":"2026-05-06T07:15:13","guid":{"rendered":"https:\/\/coopdepedal.com\/?post_type=product&#038;p=1586"},"modified":"2026-05-06T07:44:32","modified_gmt":"2026-05-06T07:44:32","slug":"super-mini-no-electrica","status":"publish","type":"product","link":"https:\/\/coopdepedal.com\/ca\/producto\/super-mini-no-electrica\/","title":{"rendered":"Super Mini No El\u00e9ctrica"},"content":{"rendered":"<p>Especificaciones t\u00e9cnicas:<br \/>\nCuadro de aluminio 6061<br \/>\nHorquilla: Acero 25CrMo4<br \/>\nLongitud: 150 cm<br \/>\nAltura del manillar: 107 cm<br \/>\nAltura del asiento: 88 cm &#8211; 108 cm<br \/>\nFrenos: Frenos de disco hidr\u00e1ulicos Tektro con rotores de 180 mm<br \/>\nRuedas: 18 pulgadas delante y detr\u00e1s con neum\u00e1ticos de 2,4 pulgadas<br \/>\nCapacidad de carga total: 170 kg<br \/>\nPortaequipajes trasero: Sistema MIK HD, capacidad de carga de 42 kg<br \/>\nPortaequipajes delantero (largo x ancho): 40 cm x 40 cm, capacidad de carga de 27 kg, sistema MIK HD<\/p>\n","protected":false},"excerpt":{"rendered":"<p>\u00bfBuscas algo a\u00fan m\u00e1s compacto y est\u00e1s dispuesto a sacrificar algo de capacidad de carga? \u00bfTodav\u00eda tienes energ\u00eda en las piernas y definitivamente no necesitas asistencia el\u00e9ctrica? Entonces nuestra Super Mini &#8211; Sweat es para ti. S\u00faper compacta, pero con un amplio espacio de carga gracias a los portaequipajes delantero y trasero opcionales.<\/p>\n<p>La Super Mini &#8211; Sweat viene de serie sin portaequipajes ni luces. Los portaequipajes est\u00e1n disponibles como accesorios. Los guardabarros est\u00e1n incluidos, pero no vienen preinstalados.<\/p>\n<p>La Super Mini no hace concesiones. Frenos de disco hidr\u00e1ulicos. Caja de cambios robusta de 8 velocidades. \u00a1Sin lujos!<\/p>\n<p>Cuadro s\u00faper estable fabricado en aluminio 6061 endurecido. Ruedas de 36 radios delanteras y traseras. Neum\u00e1ticos anchos y reforzados para bicicleta de carga con protecci\u00f3n antipinchazos.<\/p>\n<p>Con accesorios opcionales como la parrilla delantera y el portaequipajes trasero, es la soluci\u00f3n ideal para cargas medianas.<\/p>\n","protected":false},"featured_media":1589,"comment_status":"open","ping_status":"closed","template":"","meta":{"site-sidebar-layout":"default","site-content-layout":"","ast-site-content-layout":"default","site-content-style":"default","site-sidebar-style":"default","ast-global-header-display":"","ast-banner-title-visibility":"","ast-main-header-display":"","ast-hfb-above-header-display":"","ast-hfb-below-header-display":"","ast-hfb-mobile-header-display":"","site-post-title":"","ast-breadcrumbs-content":"","ast-featured-img":"","footer-sml-layout":"","theme-transparent-header-meta":"default","adv-header-id-meta":"","stick-header-meta":"default","header-above-stick-meta":"","header-main-stick-meta":"","header-below-stick-meta":"","astra-migrate-meta-layouts":"set","ast-page-background-enabled":"default","ast-page-background-meta":{"desktop":{"background-color":"var(--ast-global-color-4)","background-image":"","background-repeat":"repeat","background-position":"center center","background-size":"auto","background-attachment":"scroll","background-type":"","background-media":"","overlay-type":"","overlay-color":"","overlay-opacity":"","overlay-gradient":""},"tablet":{"background-color":"","background-image":"","background-repeat":"repeat","background-position":"center center","background-size":"auto","background-attachment":"scroll","background-type":"","background-media":"","overlay-type":"","overlay-color":"","overlay-opacity":"","overlay-gradient":""},"mobile":{"background-color":"","background-image":"","background-repeat":"repeat","background-position":"center center","background-size":"auto","background-attachment":"scroll","background-type":"","background-media":"","overlay-type":"","overlay-color":"","overlay-opacity":"","overlay-gradient":""}},"ast-content-background-meta":{"desktop":{"background-color":"var(--ast-global-color-5)","background-image":"","background-repeat":"repeat","background-position":"center center","background-size":"auto","background-attachment":"scroll","background-type":"","background-media":"","overlay-type":"","overlay-color":"","overlay-opacity":"","overlay-gradient":""},"tablet":{"background-color":"var(--ast-global-color-5)","background-image":"","background-repeat":"repeat","background-position":"center center","background-size":"auto","background-attachment":"scroll","background-type":"","background-media":"","overlay-type":"","overlay-color":"","overlay-opacity":"","overlay-gradient":""},"mobile":{"background-color":"var(--ast-global-color-5)","background-image":"","background-repeat":"repeat","background-position":"center center","background-size":"auto","background-attachment":"scroll","background-type":"","background-media":"","overlay-type":"","overlay-color":"","overlay-opacity":"","overlay-gradient":""}}},"product_brand":[],"product_cat":[50],"product_tag":[],"class_list":{"0":"post-1586","1":"product","2":"type-product","3":"status-publish","4":"has-post-thumbnail","6":"product_cat-mini-velo-cargo","7":"desktop-align-left","8":"tablet-align-left","9":"mobile-align-left","10":"ast-product-gallery-layout-horizontal-slider","11":"ast-magnify-disabled","12":"ast-product-single-variable","14":"first","15":"instock","16":"shipping-taxable","17":"purchasable","18":"product-type-variable"},"yoast_head":"<!-- This site is optimized with the Yoast SEO plugin v24.8.1 - https:\/\/yoast.com\/wordpress\/plugins\/seo\/ -->\n<title>Super Mini No El\u00e9ctrica - Coop de Pedal<\/title>\n<meta name=\"robots\" content=\"index, follow, max-snippet:-1, max-image-preview:large, max-video-preview:-1\" \/>\n<link rel=\"canonical\" href=\"https:\/\/coopdepedal.com\/producto\/super-mini-no-electrica\/\" \/>\n<meta property=\"og:locale\" content=\"ca_ES\" \/>\n<meta property=\"og:type\" content=\"article\" \/>\n<meta property=\"og:title\" content=\"Super Mini No El\u00e9ctrica - Coop de Pedal\" \/>\n<meta property=\"og:description\" content=\"\u00bfBuscas algo a\u00fan m\u00e1s compacto y est\u00e1s dispuesto a sacrificar algo de capacidad de carga? \u00bfTodav\u00eda tienes energ\u00eda en las piernas y definitivamente no necesitas asistencia el\u00e9ctrica? Entonces nuestra Super Mini - Sweat es para ti. S\u00faper compacta, pero con un amplio espacio de carga gracias a los portaequipajes delantero y trasero opcionales.  La Super Mini - Sweat viene de serie sin portaequipajes ni luces. Los portaequipajes est\u00e1n disponibles como accesorios. Los guardabarros est\u00e1n incluidos, pero no vienen preinstalados.  La Super Mini no hace concesiones. Frenos de disco hidr\u00e1ulicos. Caja de cambios robusta de 8 velocidades. \u00a1Sin lujos!  Cuadro s\u00faper estable fabricado en aluminio 6061 endurecido. Ruedas de 36 radios delanteras y traseras. Neum\u00e1ticos anchos y reforzados para bicicleta de carga con protecci\u00f3n antipinchazos.  Con accesorios opcionales como la parrilla delantera y el portaequipajes trasero, es la soluci\u00f3n ideal para cargas medianas.\" \/>\n<meta property=\"og:url\" content=\"https:\/\/coopdepedal.com\/producto\/super-mini-no-electrica\/\" \/>\n<meta property=\"og:site_name\" content=\"Coop de Pedal\" \/>\n<meta property=\"article:modified_time\" content=\"2026-05-06T07:44:32+00:00\" \/>\n<meta property=\"og:image\" content=\"https:\/\/coopdepedal.com\/wp-content\/uploads\/2026\/05\/img-productes-super-mini-no-electrica-1.jpg\" \/>\n\t<meta property=\"og:image:width\" content=\"1200\" \/>\n\t<meta property=\"og:image:height\" content=\"900\" \/>\n\t<meta property=\"og:image:type\" content=\"image\/jpeg\" \/>\n<meta name=\"twitter:card\" content=\"summary_large_image\" \/>\n<meta name=\"twitter:label1\" content=\"Temps estimat de lectura\" \/>\n\t<meta name=\"twitter:data1\" content=\"1 minut\" \/>\n<script type=\"application\/ld+json\" class=\"yoast-schema-graph\">{\"@context\":\"https:\/\/schema.org\",\"@graph\":[{\"@type\":\"WebPage\",\"@id\":\"https:\/\/coopdepedal.com\/producto\/super-mini-no-electrica\/\",\"url\":\"https:\/\/coopdepedal.com\/producto\/super-mini-no-electrica\/\",\"name\":\"Super Mini No El\u00e9ctrica - Coop de Pedal\",\"isPartOf\":{\"@id\":\"https:\/\/coopdepedal.com\/#website\"},\"primaryImageOfPage\":{\"@id\":\"https:\/\/coopdepedal.com\/producto\/super-mini-no-electrica\/#primaryimage\"},\"image\":{\"@id\":\"https:\/\/coopdepedal.com\/producto\/super-mini-no-electrica\/#primaryimage\"},\"thumbnailUrl\":\"https:\/\/coopdepedal.com\/wp-content\/uploads\/2026\/05\/img-productes-super-mini-no-electrica-1.jpg\",\"datePublished\":\"2026-05-06T07:15:13+00:00\",\"dateModified\":\"2026-05-06T07:44:32+00:00\",\"breadcrumb\":{\"@id\":\"https:\/\/coopdepedal.com\/producto\/super-mini-no-electrica\/#breadcrumb\"},\"inLanguage\":\"ca\",\"potentialAction\":[{\"@type\":\"ReadAction\",\"target\":[\"https:\/\/coopdepedal.com\/producto\/super-mini-no-electrica\/\"]}]},{\"@type\":\"ImageObject\",\"inLanguage\":\"ca\",\"@id\":\"https:\/\/coopdepedal.com\/producto\/super-mini-no-electrica\/#primaryimage\",\"url\":\"https:\/\/coopdepedal.com\/wp-content\/uploads\/2026\/05\/img-productes-super-mini-no-electrica-1.jpg\",\"contentUrl\":\"https:\/\/coopdepedal.com\/wp-content\/uploads\/2026\/05\/img-productes-super-mini-no-electrica-1.jpg\",\"width\":1200,\"height\":900},{\"@type\":\"BreadcrumbList\",\"@id\":\"https:\/\/coopdepedal.com\/producto\/super-mini-no-electrica\/#breadcrumb\",\"itemListElement\":[{\"@type\":\"ListItem\",\"position\":1,\"name\":\"Home\",\"item\":\"https:\/\/coopdepedal.com\/\"},{\"@type\":\"ListItem\",\"position\":2,\"name\":\"Shop\",\"item\":\"https:\/\/coopdepedal.com\/ca\/shop\/\"},{\"@type\":\"ListItem\",\"position\":3,\"name\":\"Super Mini No El\u00e9ctrica\"}]},{\"@type\":\"WebSite\",\"@id\":\"https:\/\/coopdepedal.com\/#website\",\"url\":\"https:\/\/coopdepedal.com\/\",\"name\":\"Coop de Pedal\",\"description\":\"Bicimissatgeria express\",\"publisher\":{\"@id\":\"https:\/\/coopdepedal.com\/#organization\"},\"potentialAction\":[{\"@type\":\"SearchAction\",\"target\":{\"@type\":\"EntryPoint\",\"urlTemplate\":\"https:\/\/coopdepedal.com\/?s={search_term_string}\"},\"query-input\":{\"@type\":\"PropertyValueSpecification\",\"valueRequired\":true,\"valueName\":\"search_term_string\"}}],\"inLanguage\":\"ca\"},{\"@type\":\"Organization\",\"@id\":\"https:\/\/coopdepedal.com\/#organization\",\"name\":\"Coop de Pedal\",\"url\":\"https:\/\/coopdepedal.com\/\",\"logo\":{\"@type\":\"ImageObject\",\"inLanguage\":\"ca\",\"@id\":\"https:\/\/coopdepedal.com\/#\/schema\/logo\/image\/\",\"url\":\"https:\/\/coopdepedal.com\/wp-content\/uploads\/2025\/03\/cropped-logotips-coopdepedal-17.png\",\"contentUrl\":\"https:\/\/coopdepedal.com\/wp-content\/uploads\/2025\/03\/cropped-logotips-coopdepedal-17.png\",\"width\":3026,\"height\":1018,\"caption\":\"Coop de Pedal\"},\"image\":{\"@id\":\"https:\/\/coopdepedal.com\/#\/schema\/logo\/image\/\"}}]}<\/script>\n<!-- \/ Yoast SEO plugin. -->","yoast_head_json":{"title":"Super Mini No El\u00e9ctrica - Coop de Pedal","robots":{"index":"index","follow":"follow","max-snippet":"max-snippet:-1","max-image-preview":"max-image-preview:large","max-video-preview":"max-video-preview:-1"},"canonical":"https:\/\/coopdepedal.com\/producto\/super-mini-no-electrica\/","og_locale":"ca_ES","og_type":"article","og_title":"Super Mini No El\u00e9ctrica - Coop de Pedal","og_description":"\u00bfBuscas algo a\u00fan m\u00e1s compacto y est\u00e1s dispuesto a sacrificar algo de capacidad de carga? \u00bfTodav\u00eda tienes energ\u00eda en las piernas y definitivamente no necesitas asistencia el\u00e9ctrica? Entonces nuestra Super Mini - Sweat es para ti. S\u00faper compacta, pero con un amplio espacio de carga gracias a los portaequipajes delantero y trasero opcionales.  La Super Mini - Sweat viene de serie sin portaequipajes ni luces. Los portaequipajes est\u00e1n disponibles como accesorios. Los guardabarros est\u00e1n incluidos, pero no vienen preinstalados.  La Super Mini no hace concesiones. Frenos de disco hidr\u00e1ulicos. Caja de cambios robusta de 8 velocidades. \u00a1Sin lujos!  Cuadro s\u00faper estable fabricado en aluminio 6061 endurecido. Ruedas de 36 radios delanteras y traseras. Neum\u00e1ticos anchos y reforzados para bicicleta de carga con protecci\u00f3n antipinchazos.  Con accesorios opcionales como la parrilla delantera y el portaequipajes trasero, es la soluci\u00f3n ideal para cargas medianas.","og_url":"https:\/\/coopdepedal.com\/producto\/super-mini-no-electrica\/","og_site_name":"Coop de Pedal","article_modified_time":"2026-05-06T07:44:32+00:00","og_image":[{"width":1200,"height":900,"url":"https:\/\/coopdepedal.com\/wp-content\/uploads\/2026\/05\/img-productes-super-mini-no-electrica-1.jpg","type":"image\/jpeg"}],"twitter_card":"summary_large_image","twitter_misc":{"Temps estimat de lectura":"1 minut"},"schema":{"@context":"https:\/\/schema.org","@graph":[{"@type":"WebPage","@id":"https:\/\/coopdepedal.com\/producto\/super-mini-no-electrica\/","url":"https:\/\/coopdepedal.com\/producto\/super-mini-no-electrica\/","name":"Super Mini No El\u00e9ctrica - Coop de Pedal","isPartOf":{"@id":"https:\/\/coopdepedal.com\/#website"},"primaryImageOfPage":{"@id":"https:\/\/coopdepedal.com\/producto\/super-mini-no-electrica\/#primaryimage"},"image":{"@id":"https:\/\/coopdepedal.com\/producto\/super-mini-no-electrica\/#primaryimage"},"thumbnailUrl":"https:\/\/coopdepedal.com\/wp-content\/uploads\/2026\/05\/img-productes-super-mini-no-electrica-1.jpg","datePublished":"2026-05-06T07:15:13+00:00","dateModified":"2026-05-06T07:44:32+00:00","breadcrumb":{"@id":"https:\/\/coopdepedal.com\/producto\/super-mini-no-electrica\/#breadcrumb"},"inLanguage":"ca","potentialAction":[{"@type":"ReadAction","target":["https:\/\/coopdepedal.com\/producto\/super-mini-no-electrica\/"]}]},{"@type":"ImageObject","inLanguage":"ca","@id":"https:\/\/coopdepedal.com\/producto\/super-mini-no-electrica\/#primaryimage","url":"https:\/\/coopdepedal.com\/wp-content\/uploads\/2026\/05\/img-productes-super-mini-no-electrica-1.jpg","contentUrl":"https:\/\/coopdepedal.com\/wp-content\/uploads\/2026\/05\/img-productes-super-mini-no-electrica-1.jpg","width":1200,"height":900},{"@type":"BreadcrumbList","@id":"https:\/\/coopdepedal.com\/producto\/super-mini-no-electrica\/#breadcrumb","itemListElement":[{"@type":"ListItem","position":1,"name":"Home","item":"https:\/\/coopdepedal.com\/"},{"@type":"ListItem","position":2,"name":"Shop","item":"https:\/\/coopdepedal.com\/ca\/shop\/"},{"@type":"ListItem","position":3,"name":"Super Mini No El\u00e9ctrica"}]},{"@type":"WebSite","@id":"https:\/\/coopdepedal.com\/#website","url":"https:\/\/coopdepedal.com\/","name":"Coop de Pedal","description":"Bicimissatgeria express","publisher":{"@id":"https:\/\/coopdepedal.com\/#organization"},"potentialAction":[{"@type":"SearchAction","target":{"@type":"EntryPoint","urlTemplate":"https:\/\/coopdepedal.com\/?s={search_term_string}"},"query-input":{"@type":"PropertyValueSpecification","valueRequired":true,"valueName":"search_term_string"}}],"inLanguage":"ca"},{"@type":"Organization","@id":"https:\/\/coopdepedal.com\/#organization","name":"Coop de Pedal","url":"https:\/\/coopdepedal.com\/","logo":{"@type":"ImageObject","inLanguage":"ca","@id":"https:\/\/coopdepedal.com\/#\/schema\/logo\/image\/","url":"https:\/\/coopdepedal.com\/wp-content\/uploads\/2025\/03\/cropped-logotips-coopdepedal-17.png","contentUrl":"https:\/\/coopdepedal.com\/wp-content\/uploads\/2025\/03\/cropped-logotips-coopdepedal-17.png","width":3026,"height":1018,"caption":"Coop de Pedal"},"image":{"@id":"https:\/\/coopdepedal.com\/#\/schema\/logo\/image\/"}}]}},"_links":{"self":[{"href":"https:\/\/coopdepedal.com\/ca\/wp-json\/wp\/v2\/product\/1586","targetHints":{"allow":["GET"]}}],"collection":[{"href":"https:\/\/coopdepedal.com\/ca\/wp-json\/wp\/v2\/product"}],"about":[{"href":"https:\/\/coopdepedal.com\/ca\/wp-json\/wp\/v2\/types\/product"}],"replies":[{"embeddable":true,"href":"https:\/\/coopdepedal.com\/ca\/wp-json\/wp\/v2\/comments?post=1586"}],"wp:featuredmedia":[{"embeddable":true,"href":"https:\/\/coopdepedal.com\/ca\/wp-json\/wp\/v2\/media\/1589"}],"wp:attachment":[{"href":"https:\/\/coopdepedal.com\/ca\/wp-json\/wp\/v2\/media?parent=1586"}],"wp:term":[{"taxonomy":"product_brand","embeddable":true,"href":"https:\/\/coopdepedal.com\/ca\/wp-json\/wp\/v2\/product_brand?post=1586"},{"taxonomy":"product_cat","embeddable":true,"href":"https:\/\/coopdepedal.com\/ca\/wp-json\/wp\/v2\/product_cat?post=1586"},{"taxonomy":"product_tag","embeddable":true,"href":"https:\/\/coopdepedal.com\/ca\/wp-json\/wp\/v2\/product_tag?post=1586"}],"curies":[{"name":"wp","href":"https:\/\/api.w.org\/{rel}","templated":true}]}}