{"id":1599,"date":"2026-05-06T07:46:14","date_gmt":"2026-05-06T07:46:14","guid":{"rendered":"https:\/\/coopdepedal.com\/?post_type=product&#038;p=1599"},"modified":"2026-05-06T08:32:57","modified_gmt":"2026-05-06T08:32:57","slug":"yuba-kombi-e5","status":"publish","type":"product","link":"https:\/\/coopdepedal.com\/ca\/producto\/yuba-kombi-e5\/","title":{"rendered":"Yuba Kombi E5"},"content":{"rendered":"","protected":false},"excerpt":{"rendered":"<p>La versi\u00f3n el\u00e9ctrica de la Yuba Kombi, el modelo m\u00e1s econ\u00f3mico de su gama. Equipada con un motor central Motor Shimano E5000 \u2013 Bater\u00eda de 418 Wh bater\u00eda, doble pata de cabra, frenos hidr\u00e1ulicos, 9 velocidades, ruedas de 24\u2033.<\/p>\n<p>\u00a1Compacta con espacio suficiente para transportar c\u00f3modamente a dos pasajeros! Transporta f\u00e1cilmente a 2 ni\u00f1os o 1 adulto en la parte trasera de tu Yuba.<\/p>\n<p>Motor Shimano E5000 de 40 Nm. Un sistema de asistencia ideal para una bicicleta de carga compacta, que te permite arrancar suavemente y afrontar cualquier cuesta, incluso a plena carga.<\/p>\n<p>Con sus ruedas de 24\u201d, su cuadro c\u00f3modo y f\u00e1cil de subir, todo en un formato compacto, la Kombi E6 es la bicicleta definitiva para montar con facilidad. Perfecta para moverse por la ciudad.<\/p>\n","protected":false},"featured_media":1602,"comment_status":"open","ping_status":"closed","template":"","meta":{"site-sidebar-layout":"default","site-content-layout":"","ast-site-content-layout":"default","site-content-style":"default","site-sidebar-style":"default","ast-global-header-display":"","ast-banner-title-visibility":"","ast-main-header-display":"","ast-hfb-above-header-display":"","ast-hfb-below-header-display":"","ast-hfb-mobile-header-display":"","site-post-title":"","ast-breadcrumbs-content":"","ast-featured-img":"","footer-sml-layout":"","theme-transparent-header-meta":"default","adv-header-id-meta":"","stick-header-meta":"default","header-above-stick-meta":"","header-main-stick-meta":"","header-below-stick-meta":"","astra-migrate-meta-layouts":"set","ast-page-background-enabled":"default","ast-page-background-meta":{"desktop":{"background-color":"var(--ast-global-color-4)","background-image":"","background-repeat":"repeat","background-position":"center center","background-size":"auto","background-attachment":"scroll","background-type":"","background-media":"","overlay-type":"","overlay-color":"","overlay-opacity":"","overlay-gradient":""},"tablet":{"background-color":"","background-image":"","background-repeat":"repeat","background-position":"center center","background-size":"auto","background-attachment":"scroll","background-type":"","background-media":"","overlay-type":"","overlay-color":"","overlay-opacity":"","overlay-gradient":""},"mobile":{"background-color":"","background-image":"","background-repeat":"repeat","background-position":"center center","background-size":"auto","background-attachment":"scroll","background-type":"","background-media":"","overlay-type":"","overlay-color":"","overlay-opacity":"","overlay-gradient":""}},"ast-content-background-meta":{"desktop":{"background-color":"var(--ast-global-color-5)","background-image":"","background-repeat":"repeat","background-position":"center center","background-size":"auto","background-attachment":"scroll","background-type":"","background-media":"","overlay-type":"","overlay-color":"","overlay-opacity":"","overlay-gradient":""},"tablet":{"background-color":"var(--ast-global-color-5)","background-image":"","background-repeat":"repeat","background-position":"center center","background-size":"auto","background-attachment":"scroll","background-type":"","background-media":"","overlay-type":"","overlay-color":"","overlay-opacity":"","overlay-gradient":""},"mobile":{"background-color":"var(--ast-global-color-5)","background-image":"","background-repeat":"repeat","background-position":"center center","background-size":"auto","background-attachment":"scroll","background-type":"","background-media":"","overlay-type":"","overlay-color":"","overlay-opacity":"","overlay-gradient":""}}},"product_brand":[],"product_cat":[53],"product_tag":[],"class_list":{"0":"post-1599","1":"product","2":"type-product","3":"status-publish","4":"has-post-thumbnail","6":"product_cat-long-tail-compacta","7":"desktop-align-left","8":"tablet-align-left","9":"mobile-align-left","10":"ast-product-gallery-layout-horizontal-slider","11":"ast-magnify-disabled","12":"ast-product-single-variable","14":"first","15":"instock","16":"shipping-taxable","17":"purchasable","18":"product-type-variable"},"yoast_head":"<!-- This site is optimized with the Yoast SEO plugin v24.8.1 - https:\/\/yoast.com\/wordpress\/plugins\/seo\/ -->\n<title>Yuba Kombi E5 - Coop de Pedal<\/title>\n<meta name=\"robots\" content=\"index, follow, max-snippet:-1, max-image-preview:large, max-video-preview:-1\" \/>\n<link rel=\"canonical\" href=\"https:\/\/coopdepedal.com\/producto\/yuba-kombi-e5\/\" \/>\n<meta property=\"og:locale\" content=\"ca_ES\" \/>\n<meta property=\"og:type\" content=\"article\" \/>\n<meta property=\"og:title\" content=\"Yuba Kombi E5 - Coop de Pedal\" \/>\n<meta property=\"og:description\" content=\"La versi\u00f3n el\u00e9ctrica de la Yuba Kombi, el modelo m\u00e1s econ\u00f3mico de su gama. Equipada con un motor central Motor Shimano E5000 \u2013 Bater\u00eda de 418 Wh bater\u00eda, doble pata de cabra, frenos hidr\u00e1ulicos, 9 velocidades, ruedas de 24\u2033.  \u00a1Compacta con espacio suficiente para transportar c\u00f3modamente a dos pasajeros! Transporta f\u00e1cilmente a 2 ni\u00f1os o 1 adulto en la parte trasera de tu Yuba.  Motor Shimano E5000 de 40 Nm. Un sistema de asistencia ideal para una bicicleta de carga compacta, que te permite arrancar suavemente y afrontar cualquier cuesta, incluso a plena carga.  Con sus ruedas de 24\u201d, su cuadro c\u00f3modo y f\u00e1cil de subir, todo en un formato compacto, la Kombi E6 es la bicicleta definitiva para montar con facilidad. Perfecta para moverse por la ciudad.\" \/>\n<meta property=\"og:url\" content=\"https:\/\/coopdepedal.com\/producto\/yuba-kombi-e5\/\" \/>\n<meta property=\"og:site_name\" content=\"Coop de Pedal\" \/>\n<meta property=\"article:modified_time\" content=\"2026-05-06T08:32:57+00:00\" \/>\n<meta property=\"og:image\" content=\"https:\/\/coopdepedal.com\/wp-content\/uploads\/2026\/05\/productes-yuba-kombi-E5-1.jpg\" \/>\n\t<meta property=\"og:image:width\" content=\"1200\" \/>\n\t<meta property=\"og:image:height\" content=\"900\" \/>\n\t<meta property=\"og:image:type\" content=\"image\/jpeg\" \/>\n<meta name=\"twitter:card\" content=\"summary_large_image\" \/>\n<meta name=\"twitter:label1\" content=\"Temps estimat de lectura\" \/>\n\t<meta name=\"twitter:data1\" content=\"1 minut\" \/>\n<script type=\"application\/ld+json\" class=\"yoast-schema-graph\">{\"@context\":\"https:\/\/schema.org\",\"@graph\":[{\"@type\":\"WebPage\",\"@id\":\"https:\/\/coopdepedal.com\/producto\/yuba-kombi-e5\/\",\"url\":\"https:\/\/coopdepedal.com\/producto\/yuba-kombi-e5\/\",\"name\":\"Yuba Kombi E5 - Coop de Pedal\",\"isPartOf\":{\"@id\":\"https:\/\/coopdepedal.com\/#website\"},\"primaryImageOfPage\":{\"@id\":\"https:\/\/coopdepedal.com\/producto\/yuba-kombi-e5\/#primaryimage\"},\"image\":{\"@id\":\"https:\/\/coopdepedal.com\/producto\/yuba-kombi-e5\/#primaryimage\"},\"thumbnailUrl\":\"https:\/\/coopdepedal.com\/wp-content\/uploads\/2026\/05\/productes-yuba-kombi-E5-1.jpg\",\"datePublished\":\"2026-05-06T07:46:14+00:00\",\"dateModified\":\"2026-05-06T08:32:57+00:00\",\"breadcrumb\":{\"@id\":\"https:\/\/coopdepedal.com\/producto\/yuba-kombi-e5\/#breadcrumb\"},\"inLanguage\":\"ca\",\"potentialAction\":[{\"@type\":\"ReadAction\",\"target\":[\"https:\/\/coopdepedal.com\/producto\/yuba-kombi-e5\/\"]}]},{\"@type\":\"ImageObject\",\"inLanguage\":\"ca\",\"@id\":\"https:\/\/coopdepedal.com\/producto\/yuba-kombi-e5\/#primaryimage\",\"url\":\"https:\/\/coopdepedal.com\/wp-content\/uploads\/2026\/05\/productes-yuba-kombi-E5-1.jpg\",\"contentUrl\":\"https:\/\/coopdepedal.com\/wp-content\/uploads\/2026\/05\/productes-yuba-kombi-E5-1.jpg\",\"width\":1200,\"height\":900},{\"@type\":\"BreadcrumbList\",\"@id\":\"https:\/\/coopdepedal.com\/producto\/yuba-kombi-e5\/#breadcrumb\",\"itemListElement\":[{\"@type\":\"ListItem\",\"position\":1,\"name\":\"Home\",\"item\":\"https:\/\/coopdepedal.com\/\"},{\"@type\":\"ListItem\",\"position\":2,\"name\":\"Shop\",\"item\":\"https:\/\/coopdepedal.com\/ca\/shop\/\"},{\"@type\":\"ListItem\",\"position\":3,\"name\":\"Yuba Kombi E5\"}]},{\"@type\":\"WebSite\",\"@id\":\"https:\/\/coopdepedal.com\/#website\",\"url\":\"https:\/\/coopdepedal.com\/\",\"name\":\"Coop de Pedal\",\"description\":\"Bicimissatgeria express\",\"publisher\":{\"@id\":\"https:\/\/coopdepedal.com\/#organization\"},\"potentialAction\":[{\"@type\":\"SearchAction\",\"target\":{\"@type\":\"EntryPoint\",\"urlTemplate\":\"https:\/\/coopdepedal.com\/?s={search_term_string}\"},\"query-input\":{\"@type\":\"PropertyValueSpecification\",\"valueRequired\":true,\"valueName\":\"search_term_string\"}}],\"inLanguage\":\"ca\"},{\"@type\":\"Organization\",\"@id\":\"https:\/\/coopdepedal.com\/#organization\",\"name\":\"Coop de Pedal\",\"url\":\"https:\/\/coopdepedal.com\/\",\"logo\":{\"@type\":\"ImageObject\",\"inLanguage\":\"ca\",\"@id\":\"https:\/\/coopdepedal.com\/#\/schema\/logo\/image\/\",\"url\":\"https:\/\/coopdepedal.com\/wp-content\/uploads\/2025\/03\/cropped-logotips-coopdepedal-17.png\",\"contentUrl\":\"https:\/\/coopdepedal.com\/wp-content\/uploads\/2025\/03\/cropped-logotips-coopdepedal-17.png\",\"width\":3026,\"height\":1018,\"caption\":\"Coop de Pedal\"},\"image\":{\"@id\":\"https:\/\/coopdepedal.com\/#\/schema\/logo\/image\/\"}}]}<\/script>\n<!-- \/ Yoast SEO plugin. -->","yoast_head_json":{"title":"Yuba Kombi E5 - Coop de Pedal","robots":{"index":"index","follow":"follow","max-snippet":"max-snippet:-1","max-image-preview":"max-image-preview:large","max-video-preview":"max-video-preview:-1"},"canonical":"https:\/\/coopdepedal.com\/producto\/yuba-kombi-e5\/","og_locale":"ca_ES","og_type":"article","og_title":"Yuba Kombi E5 - Coop de Pedal","og_description":"La versi\u00f3n el\u00e9ctrica de la Yuba Kombi, el modelo m\u00e1s econ\u00f3mico de su gama. Equipada con un motor central Motor Shimano E5000 \u2013 Bater\u00eda de 418 Wh bater\u00eda, doble pata de cabra, frenos hidr\u00e1ulicos, 9 velocidades, ruedas de 24\u2033.  \u00a1Compacta con espacio suficiente para transportar c\u00f3modamente a dos pasajeros! Transporta f\u00e1cilmente a 2 ni\u00f1os o 1 adulto en la parte trasera de tu Yuba.  Motor Shimano E5000 de 40 Nm. Un sistema de asistencia ideal para una bicicleta de carga compacta, que te permite arrancar suavemente y afrontar cualquier cuesta, incluso a plena carga.  Con sus ruedas de 24\u201d, su cuadro c\u00f3modo y f\u00e1cil de subir, todo en un formato compacto, la Kombi E6 es la bicicleta definitiva para montar con facilidad. Perfecta para moverse por la ciudad.","og_url":"https:\/\/coopdepedal.com\/producto\/yuba-kombi-e5\/","og_site_name":"Coop de Pedal","article_modified_time":"2026-05-06T08:32:57+00:00","og_image":[{"width":1200,"height":900,"url":"https:\/\/coopdepedal.com\/wp-content\/uploads\/2026\/05\/productes-yuba-kombi-E5-1.jpg","type":"image\/jpeg"}],"twitter_card":"summary_large_image","twitter_misc":{"Temps estimat de lectura":"1 minut"},"schema":{"@context":"https:\/\/schema.org","@graph":[{"@type":"WebPage","@id":"https:\/\/coopdepedal.com\/producto\/yuba-kombi-e5\/","url":"https:\/\/coopdepedal.com\/producto\/yuba-kombi-e5\/","name":"Yuba Kombi E5 - Coop de Pedal","isPartOf":{"@id":"https:\/\/coopdepedal.com\/#website"},"primaryImageOfPage":{"@id":"https:\/\/coopdepedal.com\/producto\/yuba-kombi-e5\/#primaryimage"},"image":{"@id":"https:\/\/coopdepedal.com\/producto\/yuba-kombi-e5\/#primaryimage"},"thumbnailUrl":"https:\/\/coopdepedal.com\/wp-content\/uploads\/2026\/05\/productes-yuba-kombi-E5-1.jpg","datePublished":"2026-05-06T07:46:14+00:00","dateModified":"2026-05-06T08:32:57+00:00","breadcrumb":{"@id":"https:\/\/coopdepedal.com\/producto\/yuba-kombi-e5\/#breadcrumb"},"inLanguage":"ca","potentialAction":[{"@type":"ReadAction","target":["https:\/\/coopdepedal.com\/producto\/yuba-kombi-e5\/"]}]},{"@type":"ImageObject","inLanguage":"ca","@id":"https:\/\/coopdepedal.com\/producto\/yuba-kombi-e5\/#primaryimage","url":"https:\/\/coopdepedal.com\/wp-content\/uploads\/2026\/05\/productes-yuba-kombi-E5-1.jpg","contentUrl":"https:\/\/coopdepedal.com\/wp-content\/uploads\/2026\/05\/productes-yuba-kombi-E5-1.jpg","width":1200,"height":900},{"@type":"BreadcrumbList","@id":"https:\/\/coopdepedal.com\/producto\/yuba-kombi-e5\/#breadcrumb","itemListElement":[{"@type":"ListItem","position":1,"name":"Home","item":"https:\/\/coopdepedal.com\/"},{"@type":"ListItem","position":2,"name":"Shop","item":"https:\/\/coopdepedal.com\/ca\/shop\/"},{"@type":"ListItem","position":3,"name":"Yuba Kombi E5"}]},{"@type":"WebSite","@id":"https:\/\/coopdepedal.com\/#website","url":"https:\/\/coopdepedal.com\/","name":"Coop de Pedal","description":"Bicimissatgeria express","publisher":{"@id":"https:\/\/coopdepedal.com\/#organization"},"potentialAction":[{"@type":"SearchAction","target":{"@type":"EntryPoint","urlTemplate":"https:\/\/coopdepedal.com\/?s={search_term_string}"},"query-input":{"@type":"PropertyValueSpecification","valueRequired":true,"valueName":"search_term_string"}}],"inLanguage":"ca"},{"@type":"Organization","@id":"https:\/\/coopdepedal.com\/#organization","name":"Coop de Pedal","url":"https:\/\/coopdepedal.com\/","logo":{"@type":"ImageObject","inLanguage":"ca","@id":"https:\/\/coopdepedal.com\/#\/schema\/logo\/image\/","url":"https:\/\/coopdepedal.com\/wp-content\/uploads\/2025\/03\/cropped-logotips-coopdepedal-17.png","contentUrl":"https:\/\/coopdepedal.com\/wp-content\/uploads\/2025\/03\/cropped-logotips-coopdepedal-17.png","width":3026,"height":1018,"caption":"Coop de Pedal"},"image":{"@id":"https:\/\/coopdepedal.com\/#\/schema\/logo\/image\/"}}]}},"_links":{"self":[{"href":"https:\/\/coopdepedal.com\/ca\/wp-json\/wp\/v2\/product\/1599","targetHints":{"allow":["GET"]}}],"collection":[{"href":"https:\/\/coopdepedal.com\/ca\/wp-json\/wp\/v2\/product"}],"about":[{"href":"https:\/\/coopdepedal.com\/ca\/wp-json\/wp\/v2\/types\/product"}],"replies":[{"embeddable":true,"href":"https:\/\/coopdepedal.com\/ca\/wp-json\/wp\/v2\/comments?post=1599"}],"wp:featuredmedia":[{"embeddable":true,"href":"https:\/\/coopdepedal.com\/ca\/wp-json\/wp\/v2\/media\/1602"}],"wp:attachment":[{"href":"https:\/\/coopdepedal.com\/ca\/wp-json\/wp\/v2\/media?parent=1599"}],"wp:term":[{"taxonomy":"product_brand","embeddable":true,"href":"https:\/\/coopdepedal.com\/ca\/wp-json\/wp\/v2\/product_brand?post=1599"},{"taxonomy":"product_cat","embeddable":true,"href":"https:\/\/coopdepedal.com\/ca\/wp-json\/wp\/v2\/product_cat?post=1599"},{"taxonomy":"product_tag","embeddable":true,"href":"https:\/\/coopdepedal.com\/ca\/wp-json\/wp\/v2\/product_tag?post=1599"}],"curies":[{"name":"wp","href":"https:\/\/api.w.org\/{rel}","templated":true}]}}