{"id":1700,"date":"2026-05-06T09:41:10","date_gmt":"2026-05-06T09:41:10","guid":{"rendered":"https:\/\/coopdepedal.com\/?post_type=product&#038;p=1700"},"modified":"2026-05-06T09:45:36","modified_gmt":"2026-05-06T09:45:36","slug":"mini-monkey-bars-kit","status":"publish","type":"product","link":"https:\/\/coopdepedal.com\/ca\/producto\/mini-monkey-bars-kit\/","title":{"rendered":"Mini Monkey Bars Kit"},"content":{"rendered":"","protected":false},"excerpt":{"rendered":"<p>Las Mini Monkey Bars son una estructura de aluminio resistente dise\u00f1ada para transportar de forma segura a un ni\u00f1o (de 22 kg o m\u00e1s) en el portaequipajes trasero de la Mini Boda Boda. \u00a1Una soluci\u00f3n \u00fanica en la categor\u00eda de bicicletas de carga ultracompactas!<\/p>\n<p>Cuando se montan en una bicicleta longtail (Spicy Curry o Mundo), ayudan a organizar el portaequipajes trasero separando claramente el espacio para un pasajero y la carga. Sin un pasajero, tambi\u00e9n se pueden utilizar para crear una zona estable y dedicada al transporte de equipaje en la parte trasera.<\/p>\n<p>Esta es una soluci\u00f3n en evoluci\u00f3n para las familias: una vez que tu hijo supera las Mini Monkey Bars, puedes seguir utilizando la estructura retirando los ra\u00edles laterales y conservando los dos paneles laterales Crest.<\/p>\n","protected":false},"featured_media":1701,"comment_status":"closed","ping_status":"closed","template":"","meta":{"site-sidebar-layout":"default","site-content-layout":"","ast-site-content-layout":"default","site-content-style":"default","site-sidebar-style":"default","ast-global-header-display":"","ast-banner-title-visibility":"","ast-main-header-display":"","ast-hfb-above-header-display":"","ast-hfb-below-header-display":"","ast-hfb-mobile-header-display":"","site-post-title":"","ast-breadcrumbs-content":"","ast-featured-img":"","footer-sml-layout":"","theme-transparent-header-meta":"default","adv-header-id-meta":"","stick-header-meta":"default","header-above-stick-meta":"","header-main-stick-meta":"","header-below-stick-meta":"","astra-migrate-meta-layouts":"set","ast-page-background-enabled":"default","ast-page-background-meta":{"desktop":{"background-color":"var(--ast-global-color-4)","background-image":"","background-repeat":"repeat","background-position":"center center","background-size":"auto","background-attachment":"scroll","background-type":"","background-media":"","overlay-type":"","overlay-color":"","overlay-opacity":"","overlay-gradient":""},"tablet":{"background-color":"","background-image":"","background-repeat":"repeat","background-position":"center center","background-size":"auto","background-attachment":"scroll","background-type":"","background-media":"","overlay-type":"","overlay-color":"","overlay-opacity":"","overlay-gradient":""},"mobile":{"background-color":"","background-image":"","background-repeat":"repeat","background-position":"center center","background-size":"auto","background-attachment":"scroll","background-type":"","background-media":"","overlay-type":"","overlay-color":"","overlay-opacity":"","overlay-gradient":""}},"ast-content-background-meta":{"desktop":{"background-color":"var(--ast-global-color-5)","background-image":"","background-repeat":"repeat","background-position":"center center","background-size":"auto","background-attachment":"scroll","background-type":"","background-media":"","overlay-type":"","overlay-color":"","overlay-opacity":"","overlay-gradient":""},"tablet":{"background-color":"var(--ast-global-color-5)","background-image":"","background-repeat":"repeat","background-position":"center center","background-size":"auto","background-attachment":"scroll","background-type":"","background-media":"","overlay-type":"","overlay-color":"","overlay-opacity":"","overlay-gradient":""},"mobile":{"background-color":"var(--ast-global-color-5)","background-image":"","background-repeat":"repeat","background-position":"center center","background-size":"auto","background-attachment":"scroll","background-type":"","background-media":"","overlay-type":"","overlay-color":"","overlay-opacity":"","overlay-gradient":""}}},"product_brand":[],"product_cat":[53],"product_tag":[],"class_list":{"0":"post-1700","1":"product","2":"type-product","3":"status-publish","4":"has-post-thumbnail","6":"product_cat-long-tail-compacta","7":"desktop-align-left","8":"tablet-align-left","9":"mobile-align-left","10":"ast-product-gallery-layout-horizontal-slider","11":"ast-magnify-disabled","13":"first","14":"instock","15":"shipping-taxable","16":"purchasable","17":"product-type-simple"},"yoast_head":"<!-- This site is optimized with the Yoast SEO plugin v24.8.1 - https:\/\/yoast.com\/wordpress\/plugins\/seo\/ -->\n<title>Mini Monkey Bars Kit - Coop de Pedal<\/title>\n<meta name=\"robots\" content=\"index, follow, max-snippet:-1, max-image-preview:large, max-video-preview:-1\" \/>\n<link rel=\"canonical\" href=\"https:\/\/coopdepedal.com\/producto\/mini-monkey-bars-kit\/\" \/>\n<meta property=\"og:locale\" content=\"ca_ES\" \/>\n<meta property=\"og:type\" content=\"article\" \/>\n<meta property=\"og:title\" content=\"Mini Monkey Bars Kit - Coop de Pedal\" \/>\n<meta property=\"og:description\" content=\"Las Mini Monkey Bars son una estructura de aluminio resistente dise\u00f1ada para transportar de forma segura a un ni\u00f1o (de 22 kg o m\u00e1s) en el portaequipajes trasero de la Mini Boda Boda. \u00a1Una soluci\u00f3n \u00fanica en la categor\u00eda de bicicletas de carga ultracompactas!  Cuando se montan en una bicicleta longtail (Spicy Curry o Mundo), ayudan a organizar el portaequipajes trasero separando claramente el espacio para un pasajero y la carga. Sin un pasajero, tambi\u00e9n se pueden utilizar para crear una zona estable y dedicada al transporte de equipaje en la parte trasera.  Esta es una soluci\u00f3n en evoluci\u00f3n para las familias: una vez que tu hijo supera las Mini Monkey Bars, puedes seguir utilizando la estructura retirando los ra\u00edles laterales y conservando los dos paneles laterales Crest.\" \/>\n<meta property=\"og:url\" content=\"https:\/\/coopdepedal.com\/producto\/mini-monkey-bars-kit\/\" \/>\n<meta property=\"og:site_name\" content=\"Coop de Pedal\" \/>\n<meta property=\"article:modified_time\" content=\"2026-05-06T09:45:36+00:00\" \/>\n<meta property=\"og:image\" content=\"https:\/\/coopdepedal.com\/wp-content\/uploads\/2026\/05\/productes-mini-monkey-bars-kit-1.jpg\" \/>\n\t<meta property=\"og:image:width\" content=\"1200\" \/>\n\t<meta property=\"og:image:height\" content=\"900\" \/>\n\t<meta property=\"og:image:type\" content=\"image\/jpeg\" \/>\n<meta name=\"twitter:card\" content=\"summary_large_image\" \/>\n<meta name=\"twitter:label1\" content=\"Temps estimat de lectura\" \/>\n\t<meta name=\"twitter:data1\" content=\"1 minut\" \/>\n<script type=\"application\/ld+json\" class=\"yoast-schema-graph\">{\"@context\":\"https:\/\/schema.org\",\"@graph\":[{\"@type\":\"WebPage\",\"@id\":\"https:\/\/coopdepedal.com\/producto\/mini-monkey-bars-kit\/\",\"url\":\"https:\/\/coopdepedal.com\/producto\/mini-monkey-bars-kit\/\",\"name\":\"Mini Monkey Bars Kit - Coop de Pedal\",\"isPartOf\":{\"@id\":\"https:\/\/coopdepedal.com\/#website\"},\"primaryImageOfPage\":{\"@id\":\"https:\/\/coopdepedal.com\/producto\/mini-monkey-bars-kit\/#primaryimage\"},\"image\":{\"@id\":\"https:\/\/coopdepedal.com\/producto\/mini-monkey-bars-kit\/#primaryimage\"},\"thumbnailUrl\":\"https:\/\/coopdepedal.com\/wp-content\/uploads\/2026\/05\/productes-mini-monkey-bars-kit-1.jpg\",\"datePublished\":\"2026-05-06T09:41:10+00:00\",\"dateModified\":\"2026-05-06T09:45:36+00:00\",\"breadcrumb\":{\"@id\":\"https:\/\/coopdepedal.com\/producto\/mini-monkey-bars-kit\/#breadcrumb\"},\"inLanguage\":\"ca\",\"potentialAction\":[{\"@type\":\"ReadAction\",\"target\":[\"https:\/\/coopdepedal.com\/producto\/mini-monkey-bars-kit\/\"]}]},{\"@type\":\"ImageObject\",\"inLanguage\":\"ca\",\"@id\":\"https:\/\/coopdepedal.com\/producto\/mini-monkey-bars-kit\/#primaryimage\",\"url\":\"https:\/\/coopdepedal.com\/wp-content\/uploads\/2026\/05\/productes-mini-monkey-bars-kit-1.jpg\",\"contentUrl\":\"https:\/\/coopdepedal.com\/wp-content\/uploads\/2026\/05\/productes-mini-monkey-bars-kit-1.jpg\",\"width\":1200,\"height\":900},{\"@type\":\"BreadcrumbList\",\"@id\":\"https:\/\/coopdepedal.com\/producto\/mini-monkey-bars-kit\/#breadcrumb\",\"itemListElement\":[{\"@type\":\"ListItem\",\"position\":1,\"name\":\"Home\",\"item\":\"https:\/\/coopdepedal.com\/\"},{\"@type\":\"ListItem\",\"position\":2,\"name\":\"Shop\",\"item\":\"https:\/\/coopdepedal.com\/ca\/shop\/\"},{\"@type\":\"ListItem\",\"position\":3,\"name\":\"Mini Monkey Bars Kit\"}]},{\"@type\":\"WebSite\",\"@id\":\"https:\/\/coopdepedal.com\/#website\",\"url\":\"https:\/\/coopdepedal.com\/\",\"name\":\"Coop de Pedal\",\"description\":\"Bicimissatgeria express\",\"publisher\":{\"@id\":\"https:\/\/coopdepedal.com\/#organization\"},\"potentialAction\":[{\"@type\":\"SearchAction\",\"target\":{\"@type\":\"EntryPoint\",\"urlTemplate\":\"https:\/\/coopdepedal.com\/?s={search_term_string}\"},\"query-input\":{\"@type\":\"PropertyValueSpecification\",\"valueRequired\":true,\"valueName\":\"search_term_string\"}}],\"inLanguage\":\"ca\"},{\"@type\":\"Organization\",\"@id\":\"https:\/\/coopdepedal.com\/#organization\",\"name\":\"Coop de Pedal\",\"url\":\"https:\/\/coopdepedal.com\/\",\"logo\":{\"@type\":\"ImageObject\",\"inLanguage\":\"ca\",\"@id\":\"https:\/\/coopdepedal.com\/#\/schema\/logo\/image\/\",\"url\":\"https:\/\/coopdepedal.com\/wp-content\/uploads\/2025\/03\/cropped-logotips-coopdepedal-17.png\",\"contentUrl\":\"https:\/\/coopdepedal.com\/wp-content\/uploads\/2025\/03\/cropped-logotips-coopdepedal-17.png\",\"width\":3026,\"height\":1018,\"caption\":\"Coop de Pedal\"},\"image\":{\"@id\":\"https:\/\/coopdepedal.com\/#\/schema\/logo\/image\/\"}}]}<\/script>\n<!-- \/ Yoast SEO plugin. -->","yoast_head_json":{"title":"Mini Monkey Bars Kit - Coop de Pedal","robots":{"index":"index","follow":"follow","max-snippet":"max-snippet:-1","max-image-preview":"max-image-preview:large","max-video-preview":"max-video-preview:-1"},"canonical":"https:\/\/coopdepedal.com\/producto\/mini-monkey-bars-kit\/","og_locale":"ca_ES","og_type":"article","og_title":"Mini Monkey Bars Kit - Coop de Pedal","og_description":"Las Mini Monkey Bars son una estructura de aluminio resistente dise\u00f1ada para transportar de forma segura a un ni\u00f1o (de 22 kg o m\u00e1s) en el portaequipajes trasero de la Mini Boda Boda. \u00a1Una soluci\u00f3n \u00fanica en la categor\u00eda de bicicletas de carga ultracompactas!  Cuando se montan en una bicicleta longtail (Spicy Curry o Mundo), ayudan a organizar el portaequipajes trasero separando claramente el espacio para un pasajero y la carga. Sin un pasajero, tambi\u00e9n se pueden utilizar para crear una zona estable y dedicada al transporte de equipaje en la parte trasera.  Esta es una soluci\u00f3n en evoluci\u00f3n para las familias: una vez que tu hijo supera las Mini Monkey Bars, puedes seguir utilizando la estructura retirando los ra\u00edles laterales y conservando los dos paneles laterales Crest.","og_url":"https:\/\/coopdepedal.com\/producto\/mini-monkey-bars-kit\/","og_site_name":"Coop de Pedal","article_modified_time":"2026-05-06T09:45:36+00:00","og_image":[{"width":1200,"height":900,"url":"https:\/\/coopdepedal.com\/wp-content\/uploads\/2026\/05\/productes-mini-monkey-bars-kit-1.jpg","type":"image\/jpeg"}],"twitter_card":"summary_large_image","twitter_misc":{"Temps estimat de lectura":"1 minut"},"schema":{"@context":"https:\/\/schema.org","@graph":[{"@type":"WebPage","@id":"https:\/\/coopdepedal.com\/producto\/mini-monkey-bars-kit\/","url":"https:\/\/coopdepedal.com\/producto\/mini-monkey-bars-kit\/","name":"Mini Monkey Bars Kit - Coop de Pedal","isPartOf":{"@id":"https:\/\/coopdepedal.com\/#website"},"primaryImageOfPage":{"@id":"https:\/\/coopdepedal.com\/producto\/mini-monkey-bars-kit\/#primaryimage"},"image":{"@id":"https:\/\/coopdepedal.com\/producto\/mini-monkey-bars-kit\/#primaryimage"},"thumbnailUrl":"https:\/\/coopdepedal.com\/wp-content\/uploads\/2026\/05\/productes-mini-monkey-bars-kit-1.jpg","datePublished":"2026-05-06T09:41:10+00:00","dateModified":"2026-05-06T09:45:36+00:00","breadcrumb":{"@id":"https:\/\/coopdepedal.com\/producto\/mini-monkey-bars-kit\/#breadcrumb"},"inLanguage":"ca","potentialAction":[{"@type":"ReadAction","target":["https:\/\/coopdepedal.com\/producto\/mini-monkey-bars-kit\/"]}]},{"@type":"ImageObject","inLanguage":"ca","@id":"https:\/\/coopdepedal.com\/producto\/mini-monkey-bars-kit\/#primaryimage","url":"https:\/\/coopdepedal.com\/wp-content\/uploads\/2026\/05\/productes-mini-monkey-bars-kit-1.jpg","contentUrl":"https:\/\/coopdepedal.com\/wp-content\/uploads\/2026\/05\/productes-mini-monkey-bars-kit-1.jpg","width":1200,"height":900},{"@type":"BreadcrumbList","@id":"https:\/\/coopdepedal.com\/producto\/mini-monkey-bars-kit\/#breadcrumb","itemListElement":[{"@type":"ListItem","position":1,"name":"Home","item":"https:\/\/coopdepedal.com\/"},{"@type":"ListItem","position":2,"name":"Shop","item":"https:\/\/coopdepedal.com\/ca\/shop\/"},{"@type":"ListItem","position":3,"name":"Mini Monkey Bars Kit"}]},{"@type":"WebSite","@id":"https:\/\/coopdepedal.com\/#website","url":"https:\/\/coopdepedal.com\/","name":"Coop de Pedal","description":"Bicimissatgeria express","publisher":{"@id":"https:\/\/coopdepedal.com\/#organization"},"potentialAction":[{"@type":"SearchAction","target":{"@type":"EntryPoint","urlTemplate":"https:\/\/coopdepedal.com\/?s={search_term_string}"},"query-input":{"@type":"PropertyValueSpecification","valueRequired":true,"valueName":"search_term_string"}}],"inLanguage":"ca"},{"@type":"Organization","@id":"https:\/\/coopdepedal.com\/#organization","name":"Coop de Pedal","url":"https:\/\/coopdepedal.com\/","logo":{"@type":"ImageObject","inLanguage":"ca","@id":"https:\/\/coopdepedal.com\/#\/schema\/logo\/image\/","url":"https:\/\/coopdepedal.com\/wp-content\/uploads\/2025\/03\/cropped-logotips-coopdepedal-17.png","contentUrl":"https:\/\/coopdepedal.com\/wp-content\/uploads\/2025\/03\/cropped-logotips-coopdepedal-17.png","width":3026,"height":1018,"caption":"Coop de Pedal"},"image":{"@id":"https:\/\/coopdepedal.com\/#\/schema\/logo\/image\/"}}]}},"_links":{"self":[{"href":"https:\/\/coopdepedal.com\/ca\/wp-json\/wp\/v2\/product\/1700","targetHints":{"allow":["GET"]}}],"collection":[{"href":"https:\/\/coopdepedal.com\/ca\/wp-json\/wp\/v2\/product"}],"about":[{"href":"https:\/\/coopdepedal.com\/ca\/wp-json\/wp\/v2\/types\/product"}],"replies":[{"embeddable":true,"href":"https:\/\/coopdepedal.com\/ca\/wp-json\/wp\/v2\/comments?post=1700"}],"wp:featuredmedia":[{"embeddable":true,"href":"https:\/\/coopdepedal.com\/ca\/wp-json\/wp\/v2\/media\/1701"}],"wp:attachment":[{"href":"https:\/\/coopdepedal.com\/ca\/wp-json\/wp\/v2\/media?parent=1700"}],"wp:term":[{"taxonomy":"product_brand","embeddable":true,"href":"https:\/\/coopdepedal.com\/ca\/wp-json\/wp\/v2\/product_brand?post=1700"},{"taxonomy":"product_cat","embeddable":true,"href":"https:\/\/coopdepedal.com\/ca\/wp-json\/wp\/v2\/product_cat?post=1700"},{"taxonomy":"product_tag","embeddable":true,"href":"https:\/\/coopdepedal.com\/ca\/wp-json\/wp\/v2\/product_tag?post=1700"}],"curies":[{"name":"wp","href":"https:\/\/api.w.org\/{rel}","templated":true}]}}