{"id":1716,"date":"2026-05-06T10:05:47","date_gmt":"2026-05-06T10:05:47","guid":{"rendered":"https:\/\/coopdepedal.com\/?post_type=product&#038;p=1716"},"modified":"2026-05-06T10:40:20","modified_gmt":"2026-05-06T10:40:20","slug":"boda-boda","status":"publish","type":"product","link":"https:\/\/coopdepedal.com\/ca\/producto\/boda-boda\/","title":{"rendered":"Boda Boda"},"content":{"rendered":"","protected":false},"excerpt":{"rendered":"<p>No dejes que su aspecto deportivo y su tama\u00f1o compacto te enga\u00f1en, \u00a1la Boda Boda tiene mucho espacio que ofrecer y cuenta con una capacidad de carga \u00fatil de 200 kg! Ya sea que tengas prisa durante la semana o pases tiempo de calidad con la familia el fin de semana, benef\u00edciate de la amplia gama de complementos de Yuba para adaptarla a tu estilo de vida.<\/p>\n<p>Conduce solo o con pasajeros con total confianza y prep\u00e1rate para cualquier cosa con la Boda Boda, que cuenta con un cuadro de aluminio de f\u00e1cil acceso y componentes de alta gama: un potente motor Bosch Cargo Line (85 Nm) para una asistencia ideal, la tecnolog\u00eda Stay Steady de Yuba, frenos hidr\u00e1ulicos Magura y neum\u00e1ticos Schwalbe Pick Up espec\u00edficos para carga.<\/p>\n<p>Un sistema de asistencia especialmente dise\u00f1ado para el transporte de carga (85 Nm de par), que te permite arrancar f\u00e1cilmente y afrontar cualquier cuesta, incluso cargado. El sistema Bosch Smart y la app eBike Flow te permiten actualizar tu bicicleta, bloquearla o incluso mostrar una ruta.<\/p>\n<p>Motor BOSCH Cargo Line de 85 Nm. <\/p>\n<p>Compacta con espacio suficiente para transportar c\u00f3modamente a 2 pasajeros! Transporta f\u00e1cilmente a 2 ni\u00f1os o 1 adulto en la parte trasera de tu Yuba.<\/p>\n","protected":false},"featured_media":1718,"comment_status":"open","ping_status":"closed","template":"","meta":{"site-sidebar-layout":"default","site-content-layout":"","ast-site-content-layout":"default","site-content-style":"default","site-sidebar-style":"default","ast-global-header-display":"","ast-banner-title-visibility":"","ast-main-header-display":"","ast-hfb-above-header-display":"","ast-hfb-below-header-display":"","ast-hfb-mobile-header-display":"","site-post-title":"","ast-breadcrumbs-content":"","ast-featured-img":"","footer-sml-layout":"","theme-transparent-header-meta":"default","adv-header-id-meta":"","stick-header-meta":"default","header-above-stick-meta":"","header-main-stick-meta":"","header-below-stick-meta":"","astra-migrate-meta-layouts":"set","ast-page-background-enabled":"default","ast-page-background-meta":{"desktop":{"background-color":"var(--ast-global-color-4)","background-image":"","background-repeat":"repeat","background-position":"center center","background-size":"auto","background-attachment":"scroll","background-type":"","background-media":"","overlay-type":"","overlay-color":"","overlay-opacity":"","overlay-gradient":""},"tablet":{"background-color":"","background-image":"","background-repeat":"repeat","background-position":"center center","background-size":"auto","background-attachment":"scroll","background-type":"","background-media":"","overlay-type":"","overlay-color":"","overlay-opacity":"","overlay-gradient":""},"mobile":{"background-color":"","background-image":"","background-repeat":"repeat","background-position":"center center","background-size":"auto","background-attachment":"scroll","background-type":"","background-media":"","overlay-type":"","overlay-color":"","overlay-opacity":"","overlay-gradient":""}},"ast-content-background-meta":{"desktop":{"background-color":"var(--ast-global-color-5)","background-image":"","background-repeat":"repeat","background-position":"center center","background-size":"auto","background-attachment":"scroll","background-type":"","background-media":"","overlay-type":"","overlay-color":"","overlay-opacity":"","overlay-gradient":""},"tablet":{"background-color":"var(--ast-global-color-5)","background-image":"","background-repeat":"repeat","background-position":"center center","background-size":"auto","background-attachment":"scroll","background-type":"","background-media":"","overlay-type":"","overlay-color":"","overlay-opacity":"","overlay-gradient":""},"mobile":{"background-color":"var(--ast-global-color-5)","background-image":"","background-repeat":"repeat","background-position":"center center","background-size":"auto","background-attachment":"scroll","background-type":"","background-media":"","overlay-type":"","overlay-color":"","overlay-opacity":"","overlay-gradient":""}}},"product_brand":[],"product_cat":[53],"product_tag":[],"class_list":{"0":"post-1716","1":"product","2":"type-product","3":"status-publish","4":"has-post-thumbnail","6":"product_cat-long-tail-compacta","7":"desktop-align-left","8":"tablet-align-left","9":"mobile-align-left","10":"ast-product-gallery-layout-horizontal-slider","11":"ast-magnify-disabled","12":"ast-product-single-variable","14":"first","15":"instock","16":"shipping-taxable","17":"purchasable","18":"product-type-variable"},"yoast_head":"<!-- This site is optimized with the Yoast SEO plugin v24.8.1 - https:\/\/yoast.com\/wordpress\/plugins\/seo\/ -->\n<title>Boda Boda - Coop de Pedal<\/title>\n<meta name=\"robots\" content=\"index, follow, max-snippet:-1, max-image-preview:large, max-video-preview:-1\" \/>\n<link rel=\"canonical\" href=\"https:\/\/coopdepedal.com\/producto\/boda-boda\/\" \/>\n<meta property=\"og:locale\" content=\"ca_ES\" \/>\n<meta property=\"og:type\" content=\"article\" \/>\n<meta property=\"og:title\" content=\"Boda Boda - Coop de Pedal\" \/>\n<meta property=\"og:description\" content=\"No dejes que su aspecto deportivo y su tama\u00f1o compacto te enga\u00f1en, \u00a1la Boda Boda tiene mucho espacio que ofrecer y cuenta con una capacidad de carga \u00fatil de 200 kg! Ya sea que tengas prisa durante la semana o pases tiempo de calidad con la familia el fin de semana, benef\u00edciate de la amplia gama de complementos de Yuba para adaptarla a tu estilo de vida.  Conduce solo o con pasajeros con total confianza y prep\u00e1rate para cualquier cosa con la Boda Boda, que cuenta con un cuadro de aluminio de f\u00e1cil acceso y componentes de alta gama: un potente motor Bosch Cargo Line (85 Nm) para una asistencia ideal, la tecnolog\u00eda Stay Steady de Yuba, frenos hidr\u00e1ulicos Magura y neum\u00e1ticos Schwalbe Pick Up espec\u00edficos para carga.  Un sistema de asistencia especialmente dise\u00f1ado para el transporte de carga (85 Nm de par), que te permite arrancar f\u00e1cilmente y afrontar cualquier cuesta, incluso cargado. El sistema Bosch Smart y la app eBike Flow te permiten actualizar tu bicicleta, bloquearla o incluso mostrar una ruta.  Motor BOSCH Cargo Line de 85 Nm.   Compacta con espacio suficiente para transportar c\u00f3modamente a 2 pasajeros! Transporta f\u00e1cilmente a 2 ni\u00f1os o 1 adulto en la parte trasera de tu Yuba.\" \/>\n<meta property=\"og:url\" content=\"https:\/\/coopdepedal.com\/producto\/boda-boda\/\" \/>\n<meta property=\"og:site_name\" content=\"Coop de Pedal\" \/>\n<meta property=\"article:modified_time\" content=\"2026-05-06T10:40:20+00:00\" \/>\n<meta property=\"og:image\" content=\"https:\/\/coopdepedal.com\/wp-content\/uploads\/2026\/05\/productes-boda-boda-1.jpg\" \/>\n\t<meta property=\"og:image:width\" content=\"1200\" \/>\n\t<meta property=\"og:image:height\" content=\"900\" \/>\n\t<meta property=\"og:image:type\" content=\"image\/jpeg\" \/>\n<meta name=\"twitter:card\" content=\"summary_large_image\" \/>\n<meta name=\"twitter:label1\" content=\"Temps estimat de lectura\" \/>\n\t<meta name=\"twitter:data1\" content=\"1 minut\" \/>\n<script type=\"application\/ld+json\" class=\"yoast-schema-graph\">{\"@context\":\"https:\/\/schema.org\",\"@graph\":[{\"@type\":\"WebPage\",\"@id\":\"https:\/\/coopdepedal.com\/producto\/boda-boda\/\",\"url\":\"https:\/\/coopdepedal.com\/producto\/boda-boda\/\",\"name\":\"Boda Boda - Coop de Pedal\",\"isPartOf\":{\"@id\":\"https:\/\/coopdepedal.com\/#website\"},\"primaryImageOfPage\":{\"@id\":\"https:\/\/coopdepedal.com\/producto\/boda-boda\/#primaryimage\"},\"image\":{\"@id\":\"https:\/\/coopdepedal.com\/producto\/boda-boda\/#primaryimage\"},\"thumbnailUrl\":\"https:\/\/coopdepedal.com\/wp-content\/uploads\/2026\/05\/productes-boda-boda-1.jpg\",\"datePublished\":\"2026-05-06T10:05:47+00:00\",\"dateModified\":\"2026-05-06T10:40:20+00:00\",\"breadcrumb\":{\"@id\":\"https:\/\/coopdepedal.com\/producto\/boda-boda\/#breadcrumb\"},\"inLanguage\":\"ca\",\"potentialAction\":[{\"@type\":\"ReadAction\",\"target\":[\"https:\/\/coopdepedal.com\/producto\/boda-boda\/\"]}]},{\"@type\":\"ImageObject\",\"inLanguage\":\"ca\",\"@id\":\"https:\/\/coopdepedal.com\/producto\/boda-boda\/#primaryimage\",\"url\":\"https:\/\/coopdepedal.com\/wp-content\/uploads\/2026\/05\/productes-boda-boda-1.jpg\",\"contentUrl\":\"https:\/\/coopdepedal.com\/wp-content\/uploads\/2026\/05\/productes-boda-boda-1.jpg\",\"width\":1200,\"height\":900},{\"@type\":\"BreadcrumbList\",\"@id\":\"https:\/\/coopdepedal.com\/producto\/boda-boda\/#breadcrumb\",\"itemListElement\":[{\"@type\":\"ListItem\",\"position\":1,\"name\":\"Home\",\"item\":\"https:\/\/coopdepedal.com\/\"},{\"@type\":\"ListItem\",\"position\":2,\"name\":\"Shop\",\"item\":\"https:\/\/coopdepedal.com\/ca\/shop\/\"},{\"@type\":\"ListItem\",\"position\":3,\"name\":\"Boda Boda\"}]},{\"@type\":\"WebSite\",\"@id\":\"https:\/\/coopdepedal.com\/#website\",\"url\":\"https:\/\/coopdepedal.com\/\",\"name\":\"Coop de Pedal\",\"description\":\"Bicimissatgeria express\",\"publisher\":{\"@id\":\"https:\/\/coopdepedal.com\/#organization\"},\"potentialAction\":[{\"@type\":\"SearchAction\",\"target\":{\"@type\":\"EntryPoint\",\"urlTemplate\":\"https:\/\/coopdepedal.com\/?s={search_term_string}\"},\"query-input\":{\"@type\":\"PropertyValueSpecification\",\"valueRequired\":true,\"valueName\":\"search_term_string\"}}],\"inLanguage\":\"ca\"},{\"@type\":\"Organization\",\"@id\":\"https:\/\/coopdepedal.com\/#organization\",\"name\":\"Coop de Pedal\",\"url\":\"https:\/\/coopdepedal.com\/\",\"logo\":{\"@type\":\"ImageObject\",\"inLanguage\":\"ca\",\"@id\":\"https:\/\/coopdepedal.com\/#\/schema\/logo\/image\/\",\"url\":\"https:\/\/coopdepedal.com\/wp-content\/uploads\/2025\/03\/cropped-logotips-coopdepedal-17.png\",\"contentUrl\":\"https:\/\/coopdepedal.com\/wp-content\/uploads\/2025\/03\/cropped-logotips-coopdepedal-17.png\",\"width\":3026,\"height\":1018,\"caption\":\"Coop de Pedal\"},\"image\":{\"@id\":\"https:\/\/coopdepedal.com\/#\/schema\/logo\/image\/\"}}]}<\/script>\n<!-- \/ Yoast SEO plugin. -->","yoast_head_json":{"title":"Boda Boda - Coop de Pedal","robots":{"index":"index","follow":"follow","max-snippet":"max-snippet:-1","max-image-preview":"max-image-preview:large","max-video-preview":"max-video-preview:-1"},"canonical":"https:\/\/coopdepedal.com\/producto\/boda-boda\/","og_locale":"ca_ES","og_type":"article","og_title":"Boda Boda - Coop de Pedal","og_description":"No dejes que su aspecto deportivo y su tama\u00f1o compacto te enga\u00f1en, \u00a1la Boda Boda tiene mucho espacio que ofrecer y cuenta con una capacidad de carga \u00fatil de 200 kg! Ya sea que tengas prisa durante la semana o pases tiempo de calidad con la familia el fin de semana, benef\u00edciate de la amplia gama de complementos de Yuba para adaptarla a tu estilo de vida.  Conduce solo o con pasajeros con total confianza y prep\u00e1rate para cualquier cosa con la Boda Boda, que cuenta con un cuadro de aluminio de f\u00e1cil acceso y componentes de alta gama: un potente motor Bosch Cargo Line (85 Nm) para una asistencia ideal, la tecnolog\u00eda Stay Steady de Yuba, frenos hidr\u00e1ulicos Magura y neum\u00e1ticos Schwalbe Pick Up espec\u00edficos para carga.  Un sistema de asistencia especialmente dise\u00f1ado para el transporte de carga (85 Nm de par), que te permite arrancar f\u00e1cilmente y afrontar cualquier cuesta, incluso cargado. El sistema Bosch Smart y la app eBike Flow te permiten actualizar tu bicicleta, bloquearla o incluso mostrar una ruta.  Motor BOSCH Cargo Line de 85 Nm.   Compacta con espacio suficiente para transportar c\u00f3modamente a 2 pasajeros! Transporta f\u00e1cilmente a 2 ni\u00f1os o 1 adulto en la parte trasera de tu Yuba.","og_url":"https:\/\/coopdepedal.com\/producto\/boda-boda\/","og_site_name":"Coop de Pedal","article_modified_time":"2026-05-06T10:40:20+00:00","og_image":[{"width":1200,"height":900,"url":"https:\/\/coopdepedal.com\/wp-content\/uploads\/2026\/05\/productes-boda-boda-1.jpg","type":"image\/jpeg"}],"twitter_card":"summary_large_image","twitter_misc":{"Temps estimat de lectura":"1 minut"},"schema":{"@context":"https:\/\/schema.org","@graph":[{"@type":"WebPage","@id":"https:\/\/coopdepedal.com\/producto\/boda-boda\/","url":"https:\/\/coopdepedal.com\/producto\/boda-boda\/","name":"Boda Boda - Coop de Pedal","isPartOf":{"@id":"https:\/\/coopdepedal.com\/#website"},"primaryImageOfPage":{"@id":"https:\/\/coopdepedal.com\/producto\/boda-boda\/#primaryimage"},"image":{"@id":"https:\/\/coopdepedal.com\/producto\/boda-boda\/#primaryimage"},"thumbnailUrl":"https:\/\/coopdepedal.com\/wp-content\/uploads\/2026\/05\/productes-boda-boda-1.jpg","datePublished":"2026-05-06T10:05:47+00:00","dateModified":"2026-05-06T10:40:20+00:00","breadcrumb":{"@id":"https:\/\/coopdepedal.com\/producto\/boda-boda\/#breadcrumb"},"inLanguage":"ca","potentialAction":[{"@type":"ReadAction","target":["https:\/\/coopdepedal.com\/producto\/boda-boda\/"]}]},{"@type":"ImageObject","inLanguage":"ca","@id":"https:\/\/coopdepedal.com\/producto\/boda-boda\/#primaryimage","url":"https:\/\/coopdepedal.com\/wp-content\/uploads\/2026\/05\/productes-boda-boda-1.jpg","contentUrl":"https:\/\/coopdepedal.com\/wp-content\/uploads\/2026\/05\/productes-boda-boda-1.jpg","width":1200,"height":900},{"@type":"BreadcrumbList","@id":"https:\/\/coopdepedal.com\/producto\/boda-boda\/#breadcrumb","itemListElement":[{"@type":"ListItem","position":1,"name":"Home","item":"https:\/\/coopdepedal.com\/"},{"@type":"ListItem","position":2,"name":"Shop","item":"https:\/\/coopdepedal.com\/ca\/shop\/"},{"@type":"ListItem","position":3,"name":"Boda Boda"}]},{"@type":"WebSite","@id":"https:\/\/coopdepedal.com\/#website","url":"https:\/\/coopdepedal.com\/","name":"Coop de Pedal","description":"Bicimissatgeria express","publisher":{"@id":"https:\/\/coopdepedal.com\/#organization"},"potentialAction":[{"@type":"SearchAction","target":{"@type":"EntryPoint","urlTemplate":"https:\/\/coopdepedal.com\/?s={search_term_string}"},"query-input":{"@type":"PropertyValueSpecification","valueRequired":true,"valueName":"search_term_string"}}],"inLanguage":"ca"},{"@type":"Organization","@id":"https:\/\/coopdepedal.com\/#organization","name":"Coop de Pedal","url":"https:\/\/coopdepedal.com\/","logo":{"@type":"ImageObject","inLanguage":"ca","@id":"https:\/\/coopdepedal.com\/#\/schema\/logo\/image\/","url":"https:\/\/coopdepedal.com\/wp-content\/uploads\/2025\/03\/cropped-logotips-coopdepedal-17.png","contentUrl":"https:\/\/coopdepedal.com\/wp-content\/uploads\/2025\/03\/cropped-logotips-coopdepedal-17.png","width":3026,"height":1018,"caption":"Coop de Pedal"},"image":{"@id":"https:\/\/coopdepedal.com\/#\/schema\/logo\/image\/"}}]}},"_links":{"self":[{"href":"https:\/\/coopdepedal.com\/ca\/wp-json\/wp\/v2\/product\/1716","targetHints":{"allow":["GET"]}}],"collection":[{"href":"https:\/\/coopdepedal.com\/ca\/wp-json\/wp\/v2\/product"}],"about":[{"href":"https:\/\/coopdepedal.com\/ca\/wp-json\/wp\/v2\/types\/product"}],"replies":[{"embeddable":true,"href":"https:\/\/coopdepedal.com\/ca\/wp-json\/wp\/v2\/comments?post=1716"}],"wp:featuredmedia":[{"embeddable":true,"href":"https:\/\/coopdepedal.com\/ca\/wp-json\/wp\/v2\/media\/1718"}],"wp:attachment":[{"href":"https:\/\/coopdepedal.com\/ca\/wp-json\/wp\/v2\/media?parent=1716"}],"wp:term":[{"taxonomy":"product_brand","embeddable":true,"href":"https:\/\/coopdepedal.com\/ca\/wp-json\/wp\/v2\/product_brand?post=1716"},{"taxonomy":"product_cat","embeddable":true,"href":"https:\/\/coopdepedal.com\/ca\/wp-json\/wp\/v2\/product_cat?post=1716"},{"taxonomy":"product_tag","embeddable":true,"href":"https:\/\/coopdepedal.com\/ca\/wp-json\/wp\/v2\/product_tag?post=1716"}],"curies":[{"name":"wp","href":"https:\/\/api.w.org\/{rel}","templated":true}]}}