{"id":1737,"date":"2026-05-06T10:24:48","date_gmt":"2026-05-06T10:24:48","guid":{"rendered":"https:\/\/coopdepedal.com\/?post_type=product&#038;p=1737"},"modified":"2026-05-06T10:26:58","modified_gmt":"2026-05-06T10:26:58","slug":"compact-ez-monkey-bars","status":"publish","type":"product","link":"https:\/\/coopdepedal.com\/ca\/producto\/compact-ez-monkey-bars\/","title":{"rendered":"Compact EZ Monkey Bars"},"content":{"rendered":"","protected":false},"excerpt":{"rendered":"<p>Las EZ Monkey Bars revolucionan la forma de llevar pasajeros en tu bicicleta de carga. Esta robusta estructura de aluminio facilita el embarque gracias a un innovador sistema de apertura vertical, al tiempo que garantiza la m\u00e1xima seguridad para tus hijos. \u00a1Una innovaci\u00f3n que simplifica la log\u00edstica familiar diaria!<\/p>\n<p>Gracias a su sistema de apertura vertical situado en el lado derecho, ahora es mucho m\u00e1s f\u00e1cil instalar a tus hijos a bordo. Los pasajeros m\u00e1s grandes o aventureros pueden incluso embarcar de forma fluida y aut\u00f3noma, siempre que sujeten la bicicleta con una mano. Para una total tranquilidad una vez en marcha, el mecanismo de bloqueo requiere una doble acci\u00f3n (pulsar el bot\u00f3n y accionar la maneta), impidiendo as\u00ed cualquier apertura accidental por parte de los pasajeros durante el trayecto.<\/p>\n<p>Pensadas para ofrecer la m\u00e1xima seguridad, las EZ Monkey Bars incorporan un dise\u00f1o de estructura inteligente que protege las manos de los ni\u00f1os en caso de impacto sobre una superficie plana. Para mayor seguridad, se han dispuesto adhesivos reflectantes alrededor de toda la estructura para garantizar una visibilidad \u00f3ptima, incluso con poca luz.<\/p>\n<p>Ultracompactos, se adaptan a tus necesidades de transporte: pueden alojar perfectamente cajas \u201cEuro box\u201d y son compatibles con accesorios como el Monkey Bars Tote o un portabid\u00f3n. Extra: Las EZ Monkey bars se entregan con un timbre y permiten que un adulto se suba f\u00e1cilmente en la parte trasera.<\/p>\n","protected":false},"featured_media":1738,"comment_status":"closed","ping_status":"closed","template":"","meta":{"site-sidebar-layout":"default","site-content-layout":"","ast-site-content-layout":"default","site-content-style":"default","site-sidebar-style":"default","ast-global-header-display":"","ast-banner-title-visibility":"","ast-main-header-display":"","ast-hfb-above-header-display":"","ast-hfb-below-header-display":"","ast-hfb-mobile-header-display":"","site-post-title":"","ast-breadcrumbs-content":"","ast-featured-img":"","footer-sml-layout":"","theme-transparent-header-meta":"default","adv-header-id-meta":"","stick-header-meta":"default","header-above-stick-meta":"","header-main-stick-meta":"","header-below-stick-meta":"","astra-migrate-meta-layouts":"set","ast-page-background-enabled":"default","ast-page-background-meta":{"desktop":{"background-color":"var(--ast-global-color-4)","background-image":"","background-repeat":"repeat","background-position":"center center","background-size":"auto","background-attachment":"scroll","background-type":"","background-media":"","overlay-type":"","overlay-color":"","overlay-opacity":"","overlay-gradient":""},"tablet":{"background-color":"","background-image":"","background-repeat":"repeat","background-position":"center center","background-size":"auto","background-attachment":"scroll","background-type":"","background-media":"","overlay-type":"","overlay-color":"","overlay-opacity":"","overlay-gradient":""},"mobile":{"background-color":"","background-image":"","background-repeat":"repeat","background-position":"center center","background-size":"auto","background-attachment":"scroll","background-type":"","background-media":"","overlay-type":"","overlay-color":"","overlay-opacity":"","overlay-gradient":""}},"ast-content-background-meta":{"desktop":{"background-color":"var(--ast-global-color-5)","background-image":"","background-repeat":"repeat","background-position":"center center","background-size":"auto","background-attachment":"scroll","background-type":"","background-media":"","overlay-type":"","overlay-color":"","overlay-opacity":"","overlay-gradient":""},"tablet":{"background-color":"var(--ast-global-color-5)","background-image":"","background-repeat":"repeat","background-position":"center center","background-size":"auto","background-attachment":"scroll","background-type":"","background-media":"","overlay-type":"","overlay-color":"","overlay-opacity":"","overlay-gradient":""},"mobile":{"background-color":"var(--ast-global-color-5)","background-image":"","background-repeat":"repeat","background-position":"center center","background-size":"auto","background-attachment":"scroll","background-type":"","background-media":"","overlay-type":"","overlay-color":"","overlay-opacity":"","overlay-gradient":""}}},"product_brand":[],"product_cat":[53],"product_tag":[],"class_list":{"0":"post-1737","1":"product","2":"type-product","3":"status-publish","4":"has-post-thumbnail","6":"product_cat-long-tail-compacta","7":"desktop-align-left","8":"tablet-align-left","9":"mobile-align-left","10":"ast-product-gallery-layout-horizontal-slider","11":"ast-magnify-disabled","13":"first","14":"instock","15":"shipping-taxable","16":"purchasable","17":"product-type-simple"},"yoast_head":"<!-- This site is optimized with the Yoast SEO plugin v24.8.1 - https:\/\/yoast.com\/wordpress\/plugins\/seo\/ -->\n<title>Compact EZ Monkey Bars - Coop de Pedal<\/title>\n<meta name=\"robots\" content=\"index, follow, max-snippet:-1, max-image-preview:large, max-video-preview:-1\" \/>\n<link rel=\"canonical\" href=\"https:\/\/coopdepedal.com\/producto\/compact-ez-monkey-bars\/\" \/>\n<meta property=\"og:locale\" content=\"ca_ES\" \/>\n<meta property=\"og:type\" content=\"article\" \/>\n<meta property=\"og:title\" content=\"Compact EZ Monkey Bars - Coop de Pedal\" \/>\n<meta property=\"og:description\" content=\"Las EZ Monkey Bars revolucionan la forma de llevar pasajeros en tu bicicleta de carga. Esta robusta estructura de aluminio facilita el embarque gracias a un innovador sistema de apertura vertical, al tiempo que garantiza la m\u00e1xima seguridad para tus hijos. \u00a1Una innovaci\u00f3n que simplifica la log\u00edstica familiar diaria!  Gracias a su sistema de apertura vertical situado en el lado derecho, ahora es mucho m\u00e1s f\u00e1cil instalar a tus hijos a bordo. Los pasajeros m\u00e1s grandes o aventureros pueden incluso embarcar de forma fluida y aut\u00f3noma, siempre que sujeten la bicicleta con una mano. Para una total tranquilidad una vez en marcha, el mecanismo de bloqueo requiere una doble acci\u00f3n (pulsar el bot\u00f3n y accionar la maneta), impidiendo as\u00ed cualquier apertura accidental por parte de los pasajeros durante el trayecto.  Pensadas para ofrecer la m\u00e1xima seguridad, las EZ Monkey Bars incorporan un dise\u00f1o de estructura inteligente que protege las manos de los ni\u00f1os en caso de impacto sobre una superficie plana. Para mayor seguridad, se han dispuesto adhesivos reflectantes alrededor de toda la estructura para garantizar una visibilidad \u00f3ptima, incluso con poca luz.  Ultracompactos, se adaptan a tus necesidades de transporte: pueden alojar perfectamente cajas \u201cEuro box\u201d y son compatibles con accesorios como el Monkey Bars Tote o un portabid\u00f3n. Extra: Las EZ Monkey bars se entregan con un timbre y permiten que un adulto se suba f\u00e1cilmente en la parte trasera.\" \/>\n<meta property=\"og:url\" content=\"https:\/\/coopdepedal.com\/producto\/compact-ez-monkey-bars\/\" \/>\n<meta property=\"og:site_name\" content=\"Coop de Pedal\" \/>\n<meta property=\"article:modified_time\" content=\"2026-05-06T10:26:58+00:00\" \/>\n<meta property=\"og:image\" content=\"https:\/\/coopdepedal.com\/wp-content\/uploads\/2026\/05\/productes-compact-EZ-monkey-bars-3.jpg\" \/>\n\t<meta property=\"og:image:width\" content=\"1200\" \/>\n\t<meta property=\"og:image:height\" content=\"900\" \/>\n\t<meta property=\"og:image:type\" content=\"image\/jpeg\" \/>\n<meta name=\"twitter:card\" content=\"summary_large_image\" \/>\n<meta name=\"twitter:label1\" content=\"Temps estimat de lectura\" \/>\n\t<meta name=\"twitter:data1\" content=\"1 minut\" \/>\n<script type=\"application\/ld+json\" class=\"yoast-schema-graph\">{\"@context\":\"https:\/\/schema.org\",\"@graph\":[{\"@type\":\"WebPage\",\"@id\":\"https:\/\/coopdepedal.com\/producto\/compact-ez-monkey-bars\/\",\"url\":\"https:\/\/coopdepedal.com\/producto\/compact-ez-monkey-bars\/\",\"name\":\"Compact EZ Monkey Bars - Coop de Pedal\",\"isPartOf\":{\"@id\":\"https:\/\/coopdepedal.com\/#website\"},\"primaryImageOfPage\":{\"@id\":\"https:\/\/coopdepedal.com\/producto\/compact-ez-monkey-bars\/#primaryimage\"},\"image\":{\"@id\":\"https:\/\/coopdepedal.com\/producto\/compact-ez-monkey-bars\/#primaryimage\"},\"thumbnailUrl\":\"https:\/\/coopdepedal.com\/wp-content\/uploads\/2026\/05\/productes-compact-EZ-monkey-bars-3.jpg\",\"datePublished\":\"2026-05-06T10:24:48+00:00\",\"dateModified\":\"2026-05-06T10:26:58+00:00\",\"breadcrumb\":{\"@id\":\"https:\/\/coopdepedal.com\/producto\/compact-ez-monkey-bars\/#breadcrumb\"},\"inLanguage\":\"ca\",\"potentialAction\":[{\"@type\":\"ReadAction\",\"target\":[\"https:\/\/coopdepedal.com\/producto\/compact-ez-monkey-bars\/\"]}]},{\"@type\":\"ImageObject\",\"inLanguage\":\"ca\",\"@id\":\"https:\/\/coopdepedal.com\/producto\/compact-ez-monkey-bars\/#primaryimage\",\"url\":\"https:\/\/coopdepedal.com\/wp-content\/uploads\/2026\/05\/productes-compact-EZ-monkey-bars-3.jpg\",\"contentUrl\":\"https:\/\/coopdepedal.com\/wp-content\/uploads\/2026\/05\/productes-compact-EZ-monkey-bars-3.jpg\",\"width\":1200,\"height\":900},{\"@type\":\"BreadcrumbList\",\"@id\":\"https:\/\/coopdepedal.com\/producto\/compact-ez-monkey-bars\/#breadcrumb\",\"itemListElement\":[{\"@type\":\"ListItem\",\"position\":1,\"name\":\"Home\",\"item\":\"https:\/\/coopdepedal.com\/\"},{\"@type\":\"ListItem\",\"position\":2,\"name\":\"Shop\",\"item\":\"https:\/\/coopdepedal.com\/ca\/shop\/\"},{\"@type\":\"ListItem\",\"position\":3,\"name\":\"Compact EZ Monkey Bars\"}]},{\"@type\":\"WebSite\",\"@id\":\"https:\/\/coopdepedal.com\/#website\",\"url\":\"https:\/\/coopdepedal.com\/\",\"name\":\"Coop de Pedal\",\"description\":\"Bicimissatgeria express\",\"publisher\":{\"@id\":\"https:\/\/coopdepedal.com\/#organization\"},\"potentialAction\":[{\"@type\":\"SearchAction\",\"target\":{\"@type\":\"EntryPoint\",\"urlTemplate\":\"https:\/\/coopdepedal.com\/?s={search_term_string}\"},\"query-input\":{\"@type\":\"PropertyValueSpecification\",\"valueRequired\":true,\"valueName\":\"search_term_string\"}}],\"inLanguage\":\"ca\"},{\"@type\":\"Organization\",\"@id\":\"https:\/\/coopdepedal.com\/#organization\",\"name\":\"Coop de Pedal\",\"url\":\"https:\/\/coopdepedal.com\/\",\"logo\":{\"@type\":\"ImageObject\",\"inLanguage\":\"ca\",\"@id\":\"https:\/\/coopdepedal.com\/#\/schema\/logo\/image\/\",\"url\":\"https:\/\/coopdepedal.com\/wp-content\/uploads\/2025\/03\/cropped-logotips-coopdepedal-17.png\",\"contentUrl\":\"https:\/\/coopdepedal.com\/wp-content\/uploads\/2025\/03\/cropped-logotips-coopdepedal-17.png\",\"width\":3026,\"height\":1018,\"caption\":\"Coop de Pedal\"},\"image\":{\"@id\":\"https:\/\/coopdepedal.com\/#\/schema\/logo\/image\/\"}}]}<\/script>\n<!-- \/ Yoast SEO plugin. -->","yoast_head_json":{"title":"Compact EZ Monkey Bars - Coop de Pedal","robots":{"index":"index","follow":"follow","max-snippet":"max-snippet:-1","max-image-preview":"max-image-preview:large","max-video-preview":"max-video-preview:-1"},"canonical":"https:\/\/coopdepedal.com\/producto\/compact-ez-monkey-bars\/","og_locale":"ca_ES","og_type":"article","og_title":"Compact EZ Monkey Bars - Coop de Pedal","og_description":"Las EZ Monkey Bars revolucionan la forma de llevar pasajeros en tu bicicleta de carga. Esta robusta estructura de aluminio facilita el embarque gracias a un innovador sistema de apertura vertical, al tiempo que garantiza la m\u00e1xima seguridad para tus hijos. \u00a1Una innovaci\u00f3n que simplifica la log\u00edstica familiar diaria!  Gracias a su sistema de apertura vertical situado en el lado derecho, ahora es mucho m\u00e1s f\u00e1cil instalar a tus hijos a bordo. Los pasajeros m\u00e1s grandes o aventureros pueden incluso embarcar de forma fluida y aut\u00f3noma, siempre que sujeten la bicicleta con una mano. Para una total tranquilidad una vez en marcha, el mecanismo de bloqueo requiere una doble acci\u00f3n (pulsar el bot\u00f3n y accionar la maneta), impidiendo as\u00ed cualquier apertura accidental por parte de los pasajeros durante el trayecto.  Pensadas para ofrecer la m\u00e1xima seguridad, las EZ Monkey Bars incorporan un dise\u00f1o de estructura inteligente que protege las manos de los ni\u00f1os en caso de impacto sobre una superficie plana. Para mayor seguridad, se han dispuesto adhesivos reflectantes alrededor de toda la estructura para garantizar una visibilidad \u00f3ptima, incluso con poca luz.  Ultracompactos, se adaptan a tus necesidades de transporte: pueden alojar perfectamente cajas \u201cEuro box\u201d y son compatibles con accesorios como el Monkey Bars Tote o un portabid\u00f3n. Extra: Las EZ Monkey bars se entregan con un timbre y permiten que un adulto se suba f\u00e1cilmente en la parte trasera.","og_url":"https:\/\/coopdepedal.com\/producto\/compact-ez-monkey-bars\/","og_site_name":"Coop de Pedal","article_modified_time":"2026-05-06T10:26:58+00:00","og_image":[{"width":1200,"height":900,"url":"https:\/\/coopdepedal.com\/wp-content\/uploads\/2026\/05\/productes-compact-EZ-monkey-bars-3.jpg","type":"image\/jpeg"}],"twitter_card":"summary_large_image","twitter_misc":{"Temps estimat de lectura":"1 minut"},"schema":{"@context":"https:\/\/schema.org","@graph":[{"@type":"WebPage","@id":"https:\/\/coopdepedal.com\/producto\/compact-ez-monkey-bars\/","url":"https:\/\/coopdepedal.com\/producto\/compact-ez-monkey-bars\/","name":"Compact EZ Monkey Bars - Coop de Pedal","isPartOf":{"@id":"https:\/\/coopdepedal.com\/#website"},"primaryImageOfPage":{"@id":"https:\/\/coopdepedal.com\/producto\/compact-ez-monkey-bars\/#primaryimage"},"image":{"@id":"https:\/\/coopdepedal.com\/producto\/compact-ez-monkey-bars\/#primaryimage"},"thumbnailUrl":"https:\/\/coopdepedal.com\/wp-content\/uploads\/2026\/05\/productes-compact-EZ-monkey-bars-3.jpg","datePublished":"2026-05-06T10:24:48+00:00","dateModified":"2026-05-06T10:26:58+00:00","breadcrumb":{"@id":"https:\/\/coopdepedal.com\/producto\/compact-ez-monkey-bars\/#breadcrumb"},"inLanguage":"ca","potentialAction":[{"@type":"ReadAction","target":["https:\/\/coopdepedal.com\/producto\/compact-ez-monkey-bars\/"]}]},{"@type":"ImageObject","inLanguage":"ca","@id":"https:\/\/coopdepedal.com\/producto\/compact-ez-monkey-bars\/#primaryimage","url":"https:\/\/coopdepedal.com\/wp-content\/uploads\/2026\/05\/productes-compact-EZ-monkey-bars-3.jpg","contentUrl":"https:\/\/coopdepedal.com\/wp-content\/uploads\/2026\/05\/productes-compact-EZ-monkey-bars-3.jpg","width":1200,"height":900},{"@type":"BreadcrumbList","@id":"https:\/\/coopdepedal.com\/producto\/compact-ez-monkey-bars\/#breadcrumb","itemListElement":[{"@type":"ListItem","position":1,"name":"Home","item":"https:\/\/coopdepedal.com\/"},{"@type":"ListItem","position":2,"name":"Shop","item":"https:\/\/coopdepedal.com\/ca\/shop\/"},{"@type":"ListItem","position":3,"name":"Compact EZ Monkey Bars"}]},{"@type":"WebSite","@id":"https:\/\/coopdepedal.com\/#website","url":"https:\/\/coopdepedal.com\/","name":"Coop de Pedal","description":"Bicimissatgeria express","publisher":{"@id":"https:\/\/coopdepedal.com\/#organization"},"potentialAction":[{"@type":"SearchAction","target":{"@type":"EntryPoint","urlTemplate":"https:\/\/coopdepedal.com\/?s={search_term_string}"},"query-input":{"@type":"PropertyValueSpecification","valueRequired":true,"valueName":"search_term_string"}}],"inLanguage":"ca"},{"@type":"Organization","@id":"https:\/\/coopdepedal.com\/#organization","name":"Coop de Pedal","url":"https:\/\/coopdepedal.com\/","logo":{"@type":"ImageObject","inLanguage":"ca","@id":"https:\/\/coopdepedal.com\/#\/schema\/logo\/image\/","url":"https:\/\/coopdepedal.com\/wp-content\/uploads\/2025\/03\/cropped-logotips-coopdepedal-17.png","contentUrl":"https:\/\/coopdepedal.com\/wp-content\/uploads\/2025\/03\/cropped-logotips-coopdepedal-17.png","width":3026,"height":1018,"caption":"Coop de Pedal"},"image":{"@id":"https:\/\/coopdepedal.com\/#\/schema\/logo\/image\/"}}]}},"_links":{"self":[{"href":"https:\/\/coopdepedal.com\/ca\/wp-json\/wp\/v2\/product\/1737","targetHints":{"allow":["GET"]}}],"collection":[{"href":"https:\/\/coopdepedal.com\/ca\/wp-json\/wp\/v2\/product"}],"about":[{"href":"https:\/\/coopdepedal.com\/ca\/wp-json\/wp\/v2\/types\/product"}],"replies":[{"embeddable":true,"href":"https:\/\/coopdepedal.com\/ca\/wp-json\/wp\/v2\/comments?post=1737"}],"wp:featuredmedia":[{"embeddable":true,"href":"https:\/\/coopdepedal.com\/ca\/wp-json\/wp\/v2\/media\/1738"}],"wp:attachment":[{"href":"https:\/\/coopdepedal.com\/ca\/wp-json\/wp\/v2\/media?parent=1737"}],"wp:term":[{"taxonomy":"product_brand","embeddable":true,"href":"https:\/\/coopdepedal.com\/ca\/wp-json\/wp\/v2\/product_brand?post=1737"},{"taxonomy":"product_cat","embeddable":true,"href":"https:\/\/coopdepedal.com\/ca\/wp-json\/wp\/v2\/product_cat?post=1737"},{"taxonomy":"product_tag","embeddable":true,"href":"https:\/\/coopdepedal.com\/ca\/wp-json\/wp\/v2\/product_tag?post=1737"}],"curies":[{"name":"wp","href":"https:\/\/api.w.org\/{rel}","templated":true}]}}