{"id":947,"date":"2025-04-01T12:24:44","date_gmt":"2025-04-01T12:24:44","guid":{"rendered":"https:\/\/coopdepedal.com\/producto\/ebullitt-x-ep8\/"},"modified":"2025-04-01T12:24:44","modified_gmt":"2025-04-01T12:24:44","slug":"ebullitt-x-ep8","status":"publish","type":"product","link":"https:\/\/coopdepedal.com\/ca\/producto\/ebullitt-x-ep8\/","title":{"rendered":"eBULLITT X EP8"},"content":{"rendered":"<p>La Bullitt X es nuestra versi\u00f3n extra larga y extra resistente de la tan querida y alabada Bullitt Original. A\u00fan m\u00e1s flexible, a\u00fan m\u00e1s capaz y dise\u00f1ada para adaptarse a las soluciones de almacenamiento de mayor volumen del mercado.<\/p>\n<p>La Bullitt X es 220 mm m\u00e1s larga que el Bullitt Original y ha sido probada con los mismos est\u00e1ndares que nuestro producto estrella.<\/p>\n<p>Un mayor volumen significa m\u00e1s espacio para paquetes y equipos. Un mayor volumen significa un mayor potencial de transporte para las empresas que utilizan Bullitt X.<\/p>\n<p>Con una potencia impresionante y un dise\u00f1o impecable, el motor EP8 proporciona una transferencia de potencia fant\u00e1stica y natural, justo cuando usted, el conductor, la necesita.<\/p>\n<p>Altamente configurable con una variedad de opciones de engranajes para adaptarse a sus necesidades, elija entre sistemas de engranajes internos y externos con cadena y transmisi\u00f3n de correa de carbono.<\/p>\n<p>Marca discreta y gr\u00e1ficos reducidos para que las empresas tengan m\u00e1s espacio para promocionarse y comercializar.<\/p>\n<p>Incluido de serie con la eBullitt X EP8:<\/p>\n<ul>\n<li>Sill\u00edn race negro<\/li>\n<li>Tija de sill\u00edn MJ de 400 mm<\/li>\n<li>Potencia MJ de 50 mm<\/li>\n<li>Manillar MJ<\/li>\n<li>Pu\u00f1os con bloqueo<\/li>\n<li>Pata de cabra de aluminio con muelle espec\u00edfico<\/li>\n<li>Frenos TRP Slate Evo X-edition de 4 pistones y 180 mm<\/li>\n<\/ul>\n","protected":false},"excerpt":{"rendered":"<p>La Bullitt X es nuestra versi\u00f3n extra larga y extra resistente de la tan querida y alabada Bullitt Original. A\u00fan m\u00e1s flexible, a\u00fan m\u00e1s capaz y dise\u00f1ada para adaptarse a las soluciones de almacenamiento de mayor volumen del mercado.<\/p>\n<p>La Bullitt X es 220 mm m\u00e1s larga que el Bullitt Original y ha sido probada con los mismos est\u00e1ndares que nuestro producto estrella.<\/p>\n<p>Un mayor volumen significa m\u00e1s espacio para paquetes y equipos. Un mayor volumen significa un mayor potencial de transporte para las empresas que utilizan Bullitt X.<\/p>\n<p>Con una potencia impresionante y un dise\u00f1o impecable, el motor EP8 proporciona una transferencia de potencia fant\u00e1stica y natural, justo cuando usted, el conductor, la necesita.<\/p>\n<p>Altamente configurable con una variedad de opciones de engranajes para adaptarse a sus necesidades, elija entre sistemas de engranajes internos y externos con cadena y transmisi\u00f3n de correa de carbono.<\/p>\n<p>Marca discreta y gr\u00e1ficos reducidos para que las empresas tengan m\u00e1s espacio para promocionarse y comercializar.<\/p>\n<p>Incluido de serie con la eBullitt X EP8:<\/p>\n<ul>\n<li>Sill\u00edn race negro<\/li>\n<li>Tija de sill\u00edn MJ de 400 mm<\/li>\n<li>Potencia MJ de 50 mm<\/li>\n<li>Manillar MJ<\/li>\n<li>Pu\u00f1os con bloqueo<\/li>\n<li>Pata de cabra de aluminio con muelle espec\u00edfico<\/li>\n<li>Frenos TRP Slate Evo X-edition de 4 pistones y 180 mm<\/li>\n<\/ul>\n","protected":false},"featured_media":925,"comment_status":"open","ping_status":"closed","template":"","meta":{"site-sidebar-layout":"default","site-content-layout":"","ast-site-content-layout":"default","site-content-style":"default","site-sidebar-style":"default","ast-global-header-display":"","ast-banner-title-visibility":"","ast-main-header-display":"","ast-hfb-above-header-display":"","ast-hfb-below-header-display":"","ast-hfb-mobile-header-display":"","site-post-title":"","ast-breadcrumbs-content":"","ast-featured-img":"","footer-sml-layout":"","theme-transparent-header-meta":"default","adv-header-id-meta":"","stick-header-meta":"default","header-above-stick-meta":"","header-main-stick-meta":"","header-below-stick-meta":"","astra-migrate-meta-layouts":"set","ast-page-background-enabled":"default","ast-page-background-meta":{"desktop":{"background-color":"var(--ast-global-color-4)","background-image":"","background-repeat":"repeat","background-position":"center center","background-size":"auto","background-attachment":"scroll","background-type":"","background-media":"","overlay-type":"","overlay-color":"","overlay-opacity":"","overlay-gradient":""},"tablet":{"background-color":"","background-image":"","background-repeat":"repeat","background-position":"center center","background-size":"auto","background-attachment":"scroll","background-type":"","background-media":"","overlay-type":"","overlay-color":"","overlay-opacity":"","overlay-gradient":""},"mobile":{"background-color":"","background-image":"","background-repeat":"repeat","background-position":"center center","background-size":"auto","background-attachment":"scroll","background-type":"","background-media":"","overlay-type":"","overlay-color":"","overlay-opacity":"","overlay-gradient":""}},"ast-content-background-meta":{"desktop":{"background-color":"var(--ast-global-color-5)","background-image":"","background-repeat":"repeat","background-position":"center center","background-size":"auto","background-attachment":"scroll","background-type":"","background-media":"","overlay-type":"","overlay-color":"","overlay-opacity":"","overlay-gradient":""},"tablet":{"background-color":"var(--ast-global-color-5)","background-image":"","background-repeat":"repeat","background-position":"center center","background-size":"auto","background-attachment":"scroll","background-type":"","background-media":"","overlay-type":"","overlay-color":"","overlay-opacity":"","overlay-gradient":""},"mobile":{"background-color":"var(--ast-global-color-5)","background-image":"","background-repeat":"repeat","background-position":"center center","background-size":"auto","background-attachment":"scroll","background-type":"","background-media":"","overlay-type":"","overlay-color":"","overlay-opacity":"","overlay-gradient":""}}},"product_brand":[],"product_cat":[38],"product_tag":[],"class_list":{"0":"post-947","1":"product","2":"type-product","3":"status-publish","4":"has-post-thumbnail","6":"product_cat-bullitt-electrica-ca","7":"desktop-align-left","8":"tablet-align-left","9":"mobile-align-left","10":"ast-product-gallery-layout-horizontal-slider","11":"ast-magnify-disabled","13":"first","14":"instock","15":"shipping-taxable","16":"purchasable","17":"product-type-simple"},"yoast_head":"<!-- This site is optimized with the Yoast SEO plugin v24.8.1 - https:\/\/yoast.com\/wordpress\/plugins\/seo\/ -->\n<title>eBULLITT X EP8 - Coop de Pedal<\/title>\n<meta name=\"robots\" content=\"index, follow, max-snippet:-1, max-image-preview:large, max-video-preview:-1\" \/>\n<link rel=\"canonical\" href=\"https:\/\/coopdepedal.com\/ca\/producto\/ebullitt-x-ep8\/\" \/>\n<meta property=\"og:locale\" content=\"ca_ES\" \/>\n<meta property=\"og:type\" content=\"article\" \/>\n<meta property=\"og:title\" content=\"eBULLITT X EP8 - Coop de Pedal\" \/>\n<meta property=\"og:description\" content=\"La Bullitt X es nuestra versi\u00f3n extra larga y extra resistente de la tan querida y alabada Bullitt Original. A\u00fan m\u00e1s flexible, a\u00fan m\u00e1s capaz y dise\u00f1ada para adaptarse a las soluciones de almacenamiento de mayor volumen del mercado.  La Bullitt X es 220 mm m\u00e1s larga que el Bullitt Original y ha sido probada con los mismos est\u00e1ndares que nuestro producto estrella.  Un mayor volumen significa m\u00e1s espacio para paquetes y equipos. Un mayor volumen significa un mayor potencial de transporte para las empresas que utilizan Bullitt X.  Con una potencia impresionante y un dise\u00f1o impecable, el motor EP8 proporciona una transferencia de potencia fant\u00e1stica y natural, justo cuando usted, el conductor, la necesita.  Altamente configurable con una variedad de opciones de engranajes para adaptarse a sus necesidades, elija entre sistemas de engranajes internos y externos con cadena y transmisi\u00f3n de correa de carbono.  Marca discreta y gr\u00e1ficos reducidos para que las empresas tengan m\u00e1s espacio para promocionarse y comercializar.  Incluido de serie con la eBullitt X EP8:   Sill\u00edn race negro  Tija de sill\u00edn MJ de 400 mm  Potencia MJ de 50 mm  Manillar MJ  Pu\u00f1os con bloqueo  Pata de cabra de aluminio con muelle espec\u00edfico  Frenos TRP Slate Evo X-edition de 4 pistones y 180 mm\" \/>\n<meta property=\"og:url\" content=\"https:\/\/coopdepedal.com\/ca\/producto\/ebullitt-x-ep8\/\" \/>\n<meta property=\"og:site_name\" content=\"Coop de Pedal\" \/>\n<meta property=\"og:image\" content=\"https:\/\/coopdepedal.com\/wp-content\/uploads\/2025\/04\/ebullitt_x_002.jpg\" \/>\n\t<meta property=\"og:image:width\" content=\"1985\" \/>\n\t<meta property=\"og:image:height\" content=\"1488\" \/>\n\t<meta property=\"og:image:type\" content=\"image\/jpeg\" \/>\n<meta name=\"twitter:card\" content=\"summary_large_image\" \/>\n<meta name=\"twitter:label1\" content=\"Temps estimat de lectura\" \/>\n\t<meta name=\"twitter:data1\" content=\"2 minuts\" \/>\n<script type=\"application\/ld+json\" class=\"yoast-schema-graph\">{\"@context\":\"https:\/\/schema.org\",\"@graph\":[{\"@type\":\"WebPage\",\"@id\":\"https:\/\/coopdepedal.com\/ca\/producto\/ebullitt-x-ep8\/\",\"url\":\"https:\/\/coopdepedal.com\/ca\/producto\/ebullitt-x-ep8\/\",\"name\":\"eBULLITT X EP8 - Coop de Pedal\",\"isPartOf\":{\"@id\":\"https:\/\/coopdepedal.com\/#website\"},\"primaryImageOfPage\":{\"@id\":\"https:\/\/coopdepedal.com\/ca\/producto\/ebullitt-x-ep8\/#primaryimage\"},\"image\":{\"@id\":\"https:\/\/coopdepedal.com\/ca\/producto\/ebullitt-x-ep8\/#primaryimage\"},\"thumbnailUrl\":\"https:\/\/coopdepedal.com\/wp-content\/uploads\/2025\/04\/ebullitt_x_002.jpg\",\"datePublished\":\"2025-04-01T12:24:44+00:00\",\"breadcrumb\":{\"@id\":\"https:\/\/coopdepedal.com\/ca\/producto\/ebullitt-x-ep8\/#breadcrumb\"},\"inLanguage\":\"ca\",\"potentialAction\":[{\"@type\":\"ReadAction\",\"target\":[\"https:\/\/coopdepedal.com\/ca\/producto\/ebullitt-x-ep8\/\"]}]},{\"@type\":\"ImageObject\",\"inLanguage\":\"ca\",\"@id\":\"https:\/\/coopdepedal.com\/ca\/producto\/ebullitt-x-ep8\/#primaryimage\",\"url\":\"https:\/\/coopdepedal.com\/wp-content\/uploads\/2025\/04\/ebullitt_x_002.jpg\",\"contentUrl\":\"https:\/\/coopdepedal.com\/wp-content\/uploads\/2025\/04\/ebullitt_x_002.jpg\",\"width\":1985,\"height\":1488},{\"@type\":\"BreadcrumbList\",\"@id\":\"https:\/\/coopdepedal.com\/ca\/producto\/ebullitt-x-ep8\/#breadcrumb\",\"itemListElement\":[{\"@type\":\"ListItem\",\"position\":1,\"name\":\"Home\",\"item\":\"https:\/\/coopdepedal.com\/\"},{\"@type\":\"ListItem\",\"position\":2,\"name\":\"Shop\",\"item\":\"https:\/\/coopdepedal.com\/ca\/shop\/\"},{\"@type\":\"ListItem\",\"position\":3,\"name\":\"eBULLITT X EP8\"}]},{\"@type\":\"WebSite\",\"@id\":\"https:\/\/coopdepedal.com\/#website\",\"url\":\"https:\/\/coopdepedal.com\/\",\"name\":\"Coop de Pedal\",\"description\":\"Bicimissatgeria express\",\"publisher\":{\"@id\":\"https:\/\/coopdepedal.com\/#organization\"},\"potentialAction\":[{\"@type\":\"SearchAction\",\"target\":{\"@type\":\"EntryPoint\",\"urlTemplate\":\"https:\/\/coopdepedal.com\/?s={search_term_string}\"},\"query-input\":{\"@type\":\"PropertyValueSpecification\",\"valueRequired\":true,\"valueName\":\"search_term_string\"}}],\"inLanguage\":\"ca\"},{\"@type\":\"Organization\",\"@id\":\"https:\/\/coopdepedal.com\/#organization\",\"name\":\"Coop de Pedal\",\"url\":\"https:\/\/coopdepedal.com\/\",\"logo\":{\"@type\":\"ImageObject\",\"inLanguage\":\"ca\",\"@id\":\"https:\/\/coopdepedal.com\/#\/schema\/logo\/image\/\",\"url\":\"https:\/\/coopdepedal.com\/wp-content\/uploads\/2025\/03\/cropped-logotips-coopdepedal-17.png\",\"contentUrl\":\"https:\/\/coopdepedal.com\/wp-content\/uploads\/2025\/03\/cropped-logotips-coopdepedal-17.png\",\"width\":3026,\"height\":1018,\"caption\":\"Coop de Pedal\"},\"image\":{\"@id\":\"https:\/\/coopdepedal.com\/#\/schema\/logo\/image\/\"}}]}<\/script>\n<!-- \/ Yoast SEO plugin. -->","yoast_head_json":{"title":"eBULLITT X EP8 - Coop de Pedal","robots":{"index":"index","follow":"follow","max-snippet":"max-snippet:-1","max-image-preview":"max-image-preview:large","max-video-preview":"max-video-preview:-1"},"canonical":"https:\/\/coopdepedal.com\/ca\/producto\/ebullitt-x-ep8\/","og_locale":"ca_ES","og_type":"article","og_title":"eBULLITT X EP8 - Coop de Pedal","og_description":"La Bullitt X es nuestra versi\u00f3n extra larga y extra resistente de la tan querida y alabada Bullitt Original. A\u00fan m\u00e1s flexible, a\u00fan m\u00e1s capaz y dise\u00f1ada para adaptarse a las soluciones de almacenamiento de mayor volumen del mercado.  La Bullitt X es 220 mm m\u00e1s larga que el Bullitt Original y ha sido probada con los mismos est\u00e1ndares que nuestro producto estrella.  Un mayor volumen significa m\u00e1s espacio para paquetes y equipos. Un mayor volumen significa un mayor potencial de transporte para las empresas que utilizan Bullitt X.  Con una potencia impresionante y un dise\u00f1o impecable, el motor EP8 proporciona una transferencia de potencia fant\u00e1stica y natural, justo cuando usted, el conductor, la necesita.  Altamente configurable con una variedad de opciones de engranajes para adaptarse a sus necesidades, elija entre sistemas de engranajes internos y externos con cadena y transmisi\u00f3n de correa de carbono.  Marca discreta y gr\u00e1ficos reducidos para que las empresas tengan m\u00e1s espacio para promocionarse y comercializar.  Incluido de serie con la eBullitt X EP8:   Sill\u00edn race negro  Tija de sill\u00edn MJ de 400 mm  Potencia MJ de 50 mm  Manillar MJ  Pu\u00f1os con bloqueo  Pata de cabra de aluminio con muelle espec\u00edfico  Frenos TRP Slate Evo X-edition de 4 pistones y 180 mm","og_url":"https:\/\/coopdepedal.com\/ca\/producto\/ebullitt-x-ep8\/","og_site_name":"Coop de Pedal","og_image":[{"width":1985,"height":1488,"url":"https:\/\/coopdepedal.com\/wp-content\/uploads\/2025\/04\/ebullitt_x_002.jpg","type":"image\/jpeg"}],"twitter_card":"summary_large_image","twitter_misc":{"Temps estimat de lectura":"2 minuts"},"schema":{"@context":"https:\/\/schema.org","@graph":[{"@type":"WebPage","@id":"https:\/\/coopdepedal.com\/ca\/producto\/ebullitt-x-ep8\/","url":"https:\/\/coopdepedal.com\/ca\/producto\/ebullitt-x-ep8\/","name":"eBULLITT X EP8 - Coop de Pedal","isPartOf":{"@id":"https:\/\/coopdepedal.com\/#website"},"primaryImageOfPage":{"@id":"https:\/\/coopdepedal.com\/ca\/producto\/ebullitt-x-ep8\/#primaryimage"},"image":{"@id":"https:\/\/coopdepedal.com\/ca\/producto\/ebullitt-x-ep8\/#primaryimage"},"thumbnailUrl":"https:\/\/coopdepedal.com\/wp-content\/uploads\/2025\/04\/ebullitt_x_002.jpg","datePublished":"2025-04-01T12:24:44+00:00","breadcrumb":{"@id":"https:\/\/coopdepedal.com\/ca\/producto\/ebullitt-x-ep8\/#breadcrumb"},"inLanguage":"ca","potentialAction":[{"@type":"ReadAction","target":["https:\/\/coopdepedal.com\/ca\/producto\/ebullitt-x-ep8\/"]}]},{"@type":"ImageObject","inLanguage":"ca","@id":"https:\/\/coopdepedal.com\/ca\/producto\/ebullitt-x-ep8\/#primaryimage","url":"https:\/\/coopdepedal.com\/wp-content\/uploads\/2025\/04\/ebullitt_x_002.jpg","contentUrl":"https:\/\/coopdepedal.com\/wp-content\/uploads\/2025\/04\/ebullitt_x_002.jpg","width":1985,"height":1488},{"@type":"BreadcrumbList","@id":"https:\/\/coopdepedal.com\/ca\/producto\/ebullitt-x-ep8\/#breadcrumb","itemListElement":[{"@type":"ListItem","position":1,"name":"Home","item":"https:\/\/coopdepedal.com\/"},{"@type":"ListItem","position":2,"name":"Shop","item":"https:\/\/coopdepedal.com\/ca\/shop\/"},{"@type":"ListItem","position":3,"name":"eBULLITT X EP8"}]},{"@type":"WebSite","@id":"https:\/\/coopdepedal.com\/#website","url":"https:\/\/coopdepedal.com\/","name":"Coop de Pedal","description":"Bicimissatgeria express","publisher":{"@id":"https:\/\/coopdepedal.com\/#organization"},"potentialAction":[{"@type":"SearchAction","target":{"@type":"EntryPoint","urlTemplate":"https:\/\/coopdepedal.com\/?s={search_term_string}"},"query-input":{"@type":"PropertyValueSpecification","valueRequired":true,"valueName":"search_term_string"}}],"inLanguage":"ca"},{"@type":"Organization","@id":"https:\/\/coopdepedal.com\/#organization","name":"Coop de Pedal","url":"https:\/\/coopdepedal.com\/","logo":{"@type":"ImageObject","inLanguage":"ca","@id":"https:\/\/coopdepedal.com\/#\/schema\/logo\/image\/","url":"https:\/\/coopdepedal.com\/wp-content\/uploads\/2025\/03\/cropped-logotips-coopdepedal-17.png","contentUrl":"https:\/\/coopdepedal.com\/wp-content\/uploads\/2025\/03\/cropped-logotips-coopdepedal-17.png","width":3026,"height":1018,"caption":"Coop de Pedal"},"image":{"@id":"https:\/\/coopdepedal.com\/#\/schema\/logo\/image\/"}}]}},"_links":{"self":[{"href":"https:\/\/coopdepedal.com\/ca\/wp-json\/wp\/v2\/product\/947","targetHints":{"allow":["GET"]}}],"collection":[{"href":"https:\/\/coopdepedal.com\/ca\/wp-json\/wp\/v2\/product"}],"about":[{"href":"https:\/\/coopdepedal.com\/ca\/wp-json\/wp\/v2\/types\/product"}],"replies":[{"embeddable":true,"href":"https:\/\/coopdepedal.com\/ca\/wp-json\/wp\/v2\/comments?post=947"}],"wp:featuredmedia":[{"embeddable":true,"href":"https:\/\/coopdepedal.com\/ca\/wp-json\/wp\/v2\/media\/925"}],"wp:attachment":[{"href":"https:\/\/coopdepedal.com\/ca\/wp-json\/wp\/v2\/media?parent=947"}],"wp:term":[{"taxonomy":"product_brand","embeddable":true,"href":"https:\/\/coopdepedal.com\/ca\/wp-json\/wp\/v2\/product_brand?post=947"},{"taxonomy":"product_cat","embeddable":true,"href":"https:\/\/coopdepedal.com\/ca\/wp-json\/wp\/v2\/product_cat?post=947"},{"taxonomy":"product_tag","embeddable":true,"href":"https:\/\/coopdepedal.com\/ca\/wp-json\/wp\/v2\/product_tag?post=947"}],"curies":[{"name":"wp","href":"https:\/\/api.w.org\/{rel}","templated":true}]}}