{"id":972,"date":"2025-03-31T16:46:49","date_gmt":"2025-03-31T16:46:49","guid":{"rendered":"https:\/\/coopdepedal.com\/producto\/ebullitt-6100\/"},"modified":"2025-04-04T09:24:00","modified_gmt":"2025-04-04T09:24:00","slug":"ebullitt-6100","status":"publish","type":"product","link":"https:\/\/coopdepedal.com\/ca\/producto\/ebullitt-6100\/","title":{"rendered":"eBULLITT 6100"},"content":{"rendered":"<p>\u00a1Consistente, suave y precisa!<\/p>\n<p>El motor 6100 ofrece un rendimiento consistente, suave y fiable, garantizando una conducci\u00f3n potente capaz de manejar cargas ligeras y pesadas con facilidad. Sus cambios de marcha precisos garantizan un viaje c\u00f3modo, dondequiera que est\u00e9 su destino.<\/p>\n<p>Altamente configurable con una variedad de opciones de marchas que se adaptan a sus necesidades: elija entre sistemas de cambio internos y externos con cadena y correa de carbono.<\/p>\n<p>Incluye de serie con la 6100:<\/p>\n<ul>\n<li>Sill\u00edn race negro<\/li>\n<li>Tija de sill\u00edn de 350 mm<\/li>\n<li>Potencia de 60 mm<\/li>\n<li>Manillar riser con pu\u00f1os eBullitt<\/li>\n<li>Kit de guardabarros<\/li>\n<li>Bater\u00eda Shimano STePS de 418 Wh (BT-E8014)<\/li>\n<\/ul>\n","protected":false},"excerpt":{"rendered":"<p>\u00a1Consistente, suave y precisa!<\/p>\n<p>El motor 6100 ofrece un rendimiento consistente, suave y fiable, garantizando una conducci\u00f3n potente capaz de manejar cargas ligeras y pesadas con facilidad. Sus cambios de marcha precisos garantizan un viaje c\u00f3modo, dondequiera que est\u00e9 su destino.<\/p>\n<p>Altamente configurable con una variedad de opciones de marchas que se adaptan a sus necesidades: elija entre sistemas de cambio internos y externos con cadena y correa de carbono.<\/p>\n<p>Incluye de serie con la 6100:<\/p>\n<ul>\n<li>Sill\u00edn race negro<\/li>\n<li>Tija de sill\u00edn de 350 mm<\/li>\n<li>Potencia de 60 mm<\/li>\n<li>Manillar riser con pu\u00f1os eBullitt<\/li>\n<li>Kit de guardabarros<\/li>\n<li>Bater\u00eda Shimano STePS de 418 Wh (BT-E8014)<\/li>\n<\/ul>\n","protected":false},"featured_media":912,"comment_status":"open","ping_status":"closed","template":"","meta":{"site-sidebar-layout":"default","site-content-layout":"","ast-site-content-layout":"default","site-content-style":"default","site-sidebar-style":"default","ast-global-header-display":"","ast-banner-title-visibility":"","ast-main-header-display":"","ast-hfb-above-header-display":"","ast-hfb-below-header-display":"","ast-hfb-mobile-header-display":"","site-post-title":"","ast-breadcrumbs-content":"","ast-featured-img":"","footer-sml-layout":"","theme-transparent-header-meta":"default","adv-header-id-meta":"","stick-header-meta":"default","header-above-stick-meta":"","header-main-stick-meta":"","header-below-stick-meta":"","astra-migrate-meta-layouts":"set","ast-page-background-enabled":"default","ast-page-background-meta":{"desktop":{"background-color":"var(--ast-global-color-4)","background-image":"","background-repeat":"repeat","background-position":"center center","background-size":"auto","background-attachment":"scroll","background-type":"","background-media":"","overlay-type":"","overlay-color":"","overlay-opacity":"","overlay-gradient":""},"tablet":{"background-color":"","background-image":"","background-repeat":"repeat","background-position":"center center","background-size":"auto","background-attachment":"scroll","background-type":"","background-media":"","overlay-type":"","overlay-color":"","overlay-opacity":"","overlay-gradient":""},"mobile":{"background-color":"","background-image":"","background-repeat":"repeat","background-position":"center center","background-size":"auto","background-attachment":"scroll","background-type":"","background-media":"","overlay-type":"","overlay-color":"","overlay-opacity":"","overlay-gradient":""}},"ast-content-background-meta":{"desktop":{"background-color":"var(--ast-global-color-5)","background-image":"","background-repeat":"repeat","background-position":"center center","background-size":"auto","background-attachment":"scroll","background-type":"","background-media":"","overlay-type":"","overlay-color":"","overlay-opacity":"","overlay-gradient":""},"tablet":{"background-color":"var(--ast-global-color-5)","background-image":"","background-repeat":"repeat","background-position":"center center","background-size":"auto","background-attachment":"scroll","background-type":"","background-media":"","overlay-type":"","overlay-color":"","overlay-opacity":"","overlay-gradient":""},"mobile":{"background-color":"var(--ast-global-color-5)","background-image":"","background-repeat":"repeat","background-position":"center center","background-size":"auto","background-attachment":"scroll","background-type":"","background-media":"","overlay-type":"","overlay-color":"","overlay-opacity":"","overlay-gradient":""}}},"product_brand":[],"product_cat":[38],"product_tag":[],"class_list":{"0":"post-972","1":"product","2":"type-product","3":"status-publish","4":"has-post-thumbnail","6":"product_cat-bullitt-electrica-ca","7":"desktop-align-left","8":"tablet-align-left","9":"mobile-align-left","10":"ast-product-gallery-layout-horizontal-slider","11":"ast-magnify-disabled","13":"first","14":"instock","15":"shipping-taxable","16":"purchasable","17":"product-type-simple"},"yoast_head":"<!-- This site is optimized with the Yoast SEO plugin v24.8.1 - https:\/\/yoast.com\/wordpress\/plugins\/seo\/ -->\n<title>eBULLITT 6100 - Coop de Pedal<\/title>\n<meta name=\"robots\" content=\"index, follow, max-snippet:-1, max-image-preview:large, max-video-preview:-1\" \/>\n<link rel=\"canonical\" href=\"https:\/\/coopdepedal.com\/ca\/producto\/ebullitt-6100\/\" \/>\n<meta property=\"og:locale\" content=\"ca_ES\" \/>\n<meta property=\"og:type\" content=\"article\" \/>\n<meta property=\"og:title\" content=\"eBULLITT 6100 - Coop de Pedal\" \/>\n<meta property=\"og:description\" content=\"\u00a1Consistente, suave y precisa!  El motor 6100 ofrece un rendimiento consistente, suave y fiable, garantizando una conducci\u00f3n potente capaz de manejar cargas ligeras y pesadas con facilidad. Sus cambios de marcha precisos garantizan un viaje c\u00f3modo, dondequiera que est\u00e9 su destino.  Altamente configurable con una variedad de opciones de marchas que se adaptan a sus necesidades: elija entre sistemas de cambio internos y externos con cadena y correa de carbono.  Incluye de serie con la 6100:   Sill\u00edn race negro  Tija de sill\u00edn de 350 mm  Potencia de 60 mm  Manillar riser con pu\u00f1os eBullitt  Kit de guardabarros  Bater\u00eda Shimano STePS de 418 Wh (BT-E8014)\" \/>\n<meta property=\"og:url\" content=\"https:\/\/coopdepedal.com\/ca\/producto\/ebullitt-6100\/\" \/>\n<meta property=\"og:site_name\" content=\"Coop de Pedal\" \/>\n<meta property=\"article:modified_time\" content=\"2025-04-04T09:24:00+00:00\" \/>\n<meta property=\"og:image\" content=\"https:\/\/coopdepedal.com\/wp-content\/uploads\/2025\/03\/eBullitt-MajorTom_2020_0057.jpg\" \/>\n\t<meta property=\"og:image:width\" content=\"1920\" \/>\n\t<meta property=\"og:image:height\" content=\"1080\" \/>\n\t<meta property=\"og:image:type\" content=\"image\/jpeg\" \/>\n<meta name=\"twitter:card\" content=\"summary_large_image\" \/>\n<meta name=\"twitter:label1\" content=\"Temps estimat de lectura\" \/>\n\t<meta name=\"twitter:data1\" content=\"1 minut\" \/>\n<script type=\"application\/ld+json\" class=\"yoast-schema-graph\">{\"@context\":\"https:\/\/schema.org\",\"@graph\":[{\"@type\":\"WebPage\",\"@id\":\"https:\/\/coopdepedal.com\/ca\/producto\/ebullitt-6100\/\",\"url\":\"https:\/\/coopdepedal.com\/ca\/producto\/ebullitt-6100\/\",\"name\":\"eBULLITT 6100 - Coop de Pedal\",\"isPartOf\":{\"@id\":\"https:\/\/coopdepedal.com\/#website\"},\"primaryImageOfPage\":{\"@id\":\"https:\/\/coopdepedal.com\/ca\/producto\/ebullitt-6100\/#primaryimage\"},\"image\":{\"@id\":\"https:\/\/coopdepedal.com\/ca\/producto\/ebullitt-6100\/#primaryimage\"},\"thumbnailUrl\":\"https:\/\/coopdepedal.com\/wp-content\/uploads\/2025\/03\/eBullitt-MajorTom_2020_0057.jpg\",\"datePublished\":\"2025-03-31T16:46:49+00:00\",\"dateModified\":\"2025-04-04T09:24:00+00:00\",\"breadcrumb\":{\"@id\":\"https:\/\/coopdepedal.com\/ca\/producto\/ebullitt-6100\/#breadcrumb\"},\"inLanguage\":\"ca\",\"potentialAction\":[{\"@type\":\"ReadAction\",\"target\":[\"https:\/\/coopdepedal.com\/ca\/producto\/ebullitt-6100\/\"]}]},{\"@type\":\"ImageObject\",\"inLanguage\":\"ca\",\"@id\":\"https:\/\/coopdepedal.com\/ca\/producto\/ebullitt-6100\/#primaryimage\",\"url\":\"https:\/\/coopdepedal.com\/wp-content\/uploads\/2025\/03\/eBullitt-MajorTom_2020_0057.jpg\",\"contentUrl\":\"https:\/\/coopdepedal.com\/wp-content\/uploads\/2025\/03\/eBullitt-MajorTom_2020_0057.jpg\",\"width\":1920,\"height\":1080},{\"@type\":\"BreadcrumbList\",\"@id\":\"https:\/\/coopdepedal.com\/ca\/producto\/ebullitt-6100\/#breadcrumb\",\"itemListElement\":[{\"@type\":\"ListItem\",\"position\":1,\"name\":\"Home\",\"item\":\"https:\/\/coopdepedal.com\/\"},{\"@type\":\"ListItem\",\"position\":2,\"name\":\"Shop\",\"item\":\"https:\/\/coopdepedal.com\/ca\/shop\/\"},{\"@type\":\"ListItem\",\"position\":3,\"name\":\"eBULLITT 6100\"}]},{\"@type\":\"WebSite\",\"@id\":\"https:\/\/coopdepedal.com\/#website\",\"url\":\"https:\/\/coopdepedal.com\/\",\"name\":\"Coop de Pedal\",\"description\":\"Bicimissatgeria express\",\"publisher\":{\"@id\":\"https:\/\/coopdepedal.com\/#organization\"},\"potentialAction\":[{\"@type\":\"SearchAction\",\"target\":{\"@type\":\"EntryPoint\",\"urlTemplate\":\"https:\/\/coopdepedal.com\/?s={search_term_string}\"},\"query-input\":{\"@type\":\"PropertyValueSpecification\",\"valueRequired\":true,\"valueName\":\"search_term_string\"}}],\"inLanguage\":\"ca\"},{\"@type\":\"Organization\",\"@id\":\"https:\/\/coopdepedal.com\/#organization\",\"name\":\"Coop de Pedal\",\"url\":\"https:\/\/coopdepedal.com\/\",\"logo\":{\"@type\":\"ImageObject\",\"inLanguage\":\"ca\",\"@id\":\"https:\/\/coopdepedal.com\/#\/schema\/logo\/image\/\",\"url\":\"https:\/\/coopdepedal.com\/wp-content\/uploads\/2025\/03\/cropped-logotips-coopdepedal-17.png\",\"contentUrl\":\"https:\/\/coopdepedal.com\/wp-content\/uploads\/2025\/03\/cropped-logotips-coopdepedal-17.png\",\"width\":3026,\"height\":1018,\"caption\":\"Coop de Pedal\"},\"image\":{\"@id\":\"https:\/\/coopdepedal.com\/#\/schema\/logo\/image\/\"}}]}<\/script>\n<!-- \/ Yoast SEO plugin. -->","yoast_head_json":{"title":"eBULLITT 6100 - Coop de Pedal","robots":{"index":"index","follow":"follow","max-snippet":"max-snippet:-1","max-image-preview":"max-image-preview:large","max-video-preview":"max-video-preview:-1"},"canonical":"https:\/\/coopdepedal.com\/ca\/producto\/ebullitt-6100\/","og_locale":"ca_ES","og_type":"article","og_title":"eBULLITT 6100 - Coop de Pedal","og_description":"\u00a1Consistente, suave y precisa!  El motor 6100 ofrece un rendimiento consistente, suave y fiable, garantizando una conducci\u00f3n potente capaz de manejar cargas ligeras y pesadas con facilidad. Sus cambios de marcha precisos garantizan un viaje c\u00f3modo, dondequiera que est\u00e9 su destino.  Altamente configurable con una variedad de opciones de marchas que se adaptan a sus necesidades: elija entre sistemas de cambio internos y externos con cadena y correa de carbono.  Incluye de serie con la 6100:   Sill\u00edn race negro  Tija de sill\u00edn de 350 mm  Potencia de 60 mm  Manillar riser con pu\u00f1os eBullitt  Kit de guardabarros  Bater\u00eda Shimano STePS de 418 Wh (BT-E8014)","og_url":"https:\/\/coopdepedal.com\/ca\/producto\/ebullitt-6100\/","og_site_name":"Coop de Pedal","article_modified_time":"2025-04-04T09:24:00+00:00","og_image":[{"width":1920,"height":1080,"url":"https:\/\/coopdepedal.com\/wp-content\/uploads\/2025\/03\/eBullitt-MajorTom_2020_0057.jpg","type":"image\/jpeg"}],"twitter_card":"summary_large_image","twitter_misc":{"Temps estimat de lectura":"1 minut"},"schema":{"@context":"https:\/\/schema.org","@graph":[{"@type":"WebPage","@id":"https:\/\/coopdepedal.com\/ca\/producto\/ebullitt-6100\/","url":"https:\/\/coopdepedal.com\/ca\/producto\/ebullitt-6100\/","name":"eBULLITT 6100 - Coop de Pedal","isPartOf":{"@id":"https:\/\/coopdepedal.com\/#website"},"primaryImageOfPage":{"@id":"https:\/\/coopdepedal.com\/ca\/producto\/ebullitt-6100\/#primaryimage"},"image":{"@id":"https:\/\/coopdepedal.com\/ca\/producto\/ebullitt-6100\/#primaryimage"},"thumbnailUrl":"https:\/\/coopdepedal.com\/wp-content\/uploads\/2025\/03\/eBullitt-MajorTom_2020_0057.jpg","datePublished":"2025-03-31T16:46:49+00:00","dateModified":"2025-04-04T09:24:00+00:00","breadcrumb":{"@id":"https:\/\/coopdepedal.com\/ca\/producto\/ebullitt-6100\/#breadcrumb"},"inLanguage":"ca","potentialAction":[{"@type":"ReadAction","target":["https:\/\/coopdepedal.com\/ca\/producto\/ebullitt-6100\/"]}]},{"@type":"ImageObject","inLanguage":"ca","@id":"https:\/\/coopdepedal.com\/ca\/producto\/ebullitt-6100\/#primaryimage","url":"https:\/\/coopdepedal.com\/wp-content\/uploads\/2025\/03\/eBullitt-MajorTom_2020_0057.jpg","contentUrl":"https:\/\/coopdepedal.com\/wp-content\/uploads\/2025\/03\/eBullitt-MajorTom_2020_0057.jpg","width":1920,"height":1080},{"@type":"BreadcrumbList","@id":"https:\/\/coopdepedal.com\/ca\/producto\/ebullitt-6100\/#breadcrumb","itemListElement":[{"@type":"ListItem","position":1,"name":"Home","item":"https:\/\/coopdepedal.com\/"},{"@type":"ListItem","position":2,"name":"Shop","item":"https:\/\/coopdepedal.com\/ca\/shop\/"},{"@type":"ListItem","position":3,"name":"eBULLITT 6100"}]},{"@type":"WebSite","@id":"https:\/\/coopdepedal.com\/#website","url":"https:\/\/coopdepedal.com\/","name":"Coop de Pedal","description":"Bicimissatgeria express","publisher":{"@id":"https:\/\/coopdepedal.com\/#organization"},"potentialAction":[{"@type":"SearchAction","target":{"@type":"EntryPoint","urlTemplate":"https:\/\/coopdepedal.com\/?s={search_term_string}"},"query-input":{"@type":"PropertyValueSpecification","valueRequired":true,"valueName":"search_term_string"}}],"inLanguage":"ca"},{"@type":"Organization","@id":"https:\/\/coopdepedal.com\/#organization","name":"Coop de Pedal","url":"https:\/\/coopdepedal.com\/","logo":{"@type":"ImageObject","inLanguage":"ca","@id":"https:\/\/coopdepedal.com\/#\/schema\/logo\/image\/","url":"https:\/\/coopdepedal.com\/wp-content\/uploads\/2025\/03\/cropped-logotips-coopdepedal-17.png","contentUrl":"https:\/\/coopdepedal.com\/wp-content\/uploads\/2025\/03\/cropped-logotips-coopdepedal-17.png","width":3026,"height":1018,"caption":"Coop de Pedal"},"image":{"@id":"https:\/\/coopdepedal.com\/#\/schema\/logo\/image\/"}}]}},"_links":{"self":[{"href":"https:\/\/coopdepedal.com\/ca\/wp-json\/wp\/v2\/product\/972","targetHints":{"allow":["GET"]}}],"collection":[{"href":"https:\/\/coopdepedal.com\/ca\/wp-json\/wp\/v2\/product"}],"about":[{"href":"https:\/\/coopdepedal.com\/ca\/wp-json\/wp\/v2\/types\/product"}],"replies":[{"embeddable":true,"href":"https:\/\/coopdepedal.com\/ca\/wp-json\/wp\/v2\/comments?post=972"}],"wp:featuredmedia":[{"embeddable":true,"href":"https:\/\/coopdepedal.com\/ca\/wp-json\/wp\/v2\/media\/912"}],"wp:attachment":[{"href":"https:\/\/coopdepedal.com\/ca\/wp-json\/wp\/v2\/media?parent=972"}],"wp:term":[{"taxonomy":"product_brand","embeddable":true,"href":"https:\/\/coopdepedal.com\/ca\/wp-json\/wp\/v2\/product_brand?post=972"},{"taxonomy":"product_cat","embeddable":true,"href":"https:\/\/coopdepedal.com\/ca\/wp-json\/wp\/v2\/product_cat?post=972"},{"taxonomy":"product_tag","embeddable":true,"href":"https:\/\/coopdepedal.com\/ca\/wp-json\/wp\/v2\/product_tag?post=972"}],"curies":[{"name":"wp","href":"https:\/\/api.w.org\/{rel}","templated":true}]}}