{"id":973,"date":"2025-03-31T16:41:21","date_gmt":"2025-03-31T16:41:21","guid":{"rendered":"https:\/\/coopdepedal.com\/producto\/kit-cuadro-bullitt-original-original-bullitt-frameset\/"},"modified":"2025-03-31T16:41:21","modified_gmt":"2025-03-31T16:41:21","slug":"kit-cuadro-bullitt-original-original-bullitt-frameset","status":"publish","type":"product","link":"https:\/\/coopdepedal.com\/ca\/producto\/kit-cuadro-bullitt-original-original-bullitt-frameset\/","title":{"rendered":"KIT CUADRO BULLITT ORIGINAL &#8211; ORIGINAL BULLITT FRAMESET"},"content":{"rendered":"<p>Fabricado durante m\u00e1s de una d\u00e9cada con los m\u00e1s altos est\u00e1ndares de calidad, con cari\u00f1o y atenci\u00f3n por Larry vs. Harry. Probada y clasificada para soportar un peso m\u00e1ximo de 180 kg. Especificaciones: Cuadro de aluminio 7005 T6 con apertura para correa de carbono. Diametro de tubo de sill\u00edn de 31,6 mm, para pedalier roscado de 68 mm. Opciones de punteras traseras de 135 mm o 142 mm. Recubrimiento en polvo, tres capas de pintura y dos capas de barniz transparente. Horquilla de cromoly con pesta\u00f1a de montaje de disco IS y tubo de direcci\u00f3n c\u00f3nico.<\/p>\n<p>Incluye: Direcci\u00f3n (44\/56 mm de inserci\u00f3n, 1 1\/8 de pulgada externa) y tapas, pata de cabra, brazo de direcci\u00f3n con r\u00f3tula recubierta de goma, tubo de direcci\u00f3n y elevador de potencia Satori EasyUp.<br \/>\nPeso del kit de cuadro: 11,5 kg (cuadro, horquilla y pata de cabra).<br \/>\nSolo se incluyen las punteras, si se seleccionan.<br \/>\n\u00a1No olvides seleccionar las punteras!<\/p>\n","protected":false},"excerpt":{"rendered":"<p>Fabricado durante m\u00e1s de una d\u00e9cada con los m\u00e1s altos est\u00e1ndares de calidad, con cari\u00f1o y atenci\u00f3n por Larry vs. Harry. Probada y clasificada para soportar un peso m\u00e1ximo de 180 kg. Especificaciones: Cuadro de aluminio 7005 T6 con apertura para correa de carbono. Diametro de tubo de sill\u00edn de 31,6 mm, para pedalier roscado [&hellip;]<\/p>\n","protected":false},"featured_media":896,"comment_status":"open","ping_status":"closed","template":"","meta":{"site-sidebar-layout":"default","site-content-layout":"","ast-site-content-layout":"default","site-content-style":"default","site-sidebar-style":"default","ast-global-header-display":"","ast-banner-title-visibility":"","ast-main-header-display":"","ast-hfb-above-header-display":"","ast-hfb-below-header-display":"","ast-hfb-mobile-header-display":"","site-post-title":"","ast-breadcrumbs-content":"","ast-featured-img":"","footer-sml-layout":"","theme-transparent-header-meta":"default","adv-header-id-meta":"","stick-header-meta":"default","header-above-stick-meta":"","header-main-stick-meta":"","header-below-stick-meta":"","astra-migrate-meta-layouts":"set","ast-page-background-enabled":"default","ast-page-background-meta":{"desktop":{"background-color":"var(--ast-global-color-4)","background-image":"","background-repeat":"repeat","background-position":"center center","background-size":"auto","background-attachment":"scroll","background-type":"","background-media":"","overlay-type":"","overlay-color":"","overlay-opacity":"","overlay-gradient":""},"tablet":{"background-color":"","background-image":"","background-repeat":"repeat","background-position":"center center","background-size":"auto","background-attachment":"scroll","background-type":"","background-media":"","overlay-type":"","overlay-color":"","overlay-opacity":"","overlay-gradient":""},"mobile":{"background-color":"","background-image":"","background-repeat":"repeat","background-position":"center center","background-size":"auto","background-attachment":"scroll","background-type":"","background-media":"","overlay-type":"","overlay-color":"","overlay-opacity":"","overlay-gradient":""}},"ast-content-background-meta":{"desktop":{"background-color":"var(--ast-global-color-5)","background-image":"","background-repeat":"repeat","background-position":"center center","background-size":"auto","background-attachment":"scroll","background-type":"","background-media":"","overlay-type":"","overlay-color":"","overlay-opacity":"","overlay-gradient":""},"tablet":{"background-color":"var(--ast-global-color-5)","background-image":"","background-repeat":"repeat","background-position":"center center","background-size":"auto","background-attachment":"scroll","background-type":"","background-media":"","overlay-type":"","overlay-color":"","overlay-opacity":"","overlay-gradient":""},"mobile":{"background-color":"var(--ast-global-color-5)","background-image":"","background-repeat":"repeat","background-position":"center center","background-size":"auto","background-attachment":"scroll","background-type":"","background-media":"","overlay-type":"","overlay-color":"","overlay-opacity":"","overlay-gradient":""}}},"product_brand":[],"product_cat":[39],"product_tag":[],"class_list":{"0":"post-973","1":"product","2":"type-product","3":"status-publish","4":"has-post-thumbnail","6":"product_cat-bullitt-ca","7":"desktop-align-left","8":"tablet-align-left","9":"mobile-align-left","10":"ast-product-gallery-layout-horizontal-slider","11":"ast-magnify-disabled","12":"ast-product-single-variable","14":"first","15":"instock","16":"shipping-taxable","17":"purchasable","18":"product-type-variable"},"yoast_head":"<!-- This site is optimized with the Yoast SEO plugin v24.8.1 - https:\/\/yoast.com\/wordpress\/plugins\/seo\/ -->\n<title>KIT CUADRO BULLITT ORIGINAL - ORIGINAL BULLITT FRAMESET - Coop de Pedal<\/title>\n<meta name=\"robots\" content=\"index, follow, max-snippet:-1, max-image-preview:large, max-video-preview:-1\" \/>\n<link rel=\"canonical\" href=\"https:\/\/coopdepedal.com\/ca\/producto\/kit-cuadro-bullitt-original-original-bullitt-frameset\/\" \/>\n<meta property=\"og:locale\" content=\"ca_ES\" \/>\n<meta property=\"og:type\" content=\"article\" \/>\n<meta property=\"og:title\" content=\"KIT CUADRO BULLITT ORIGINAL - ORIGINAL BULLITT FRAMESET - Coop de Pedal\" \/>\n<meta property=\"og:description\" content=\"Fabricado durante m\u00e1s de una d\u00e9cada con los m\u00e1s altos est\u00e1ndares de calidad, con cari\u00f1o y atenci\u00f3n por Larry vs. Harry. Probada y clasificada para soportar un peso m\u00e1ximo de 180 kg. Especificaciones: Cuadro de aluminio 7005 T6 con apertura para correa de carbono. Diametro de tubo de sill\u00edn de 31,6 mm, para pedalier roscado [&hellip;]\" \/>\n<meta property=\"og:url\" content=\"https:\/\/coopdepedal.com\/ca\/producto\/kit-cuadro-bullitt-original-original-bullitt-frameset\/\" \/>\n<meta property=\"og:site_name\" content=\"Coop de Pedal\" \/>\n<meta property=\"og:image\" content=\"https:\/\/coopdepedal.com\/wp-content\/uploads\/2025\/03\/Bullitt-Bollocks_2020_0021-1.jpg\" \/>\n\t<meta property=\"og:image:width\" content=\"1920\" \/>\n\t<meta property=\"og:image:height\" content=\"1080\" \/>\n\t<meta property=\"og:image:type\" content=\"image\/jpeg\" \/>\n<meta name=\"twitter:card\" content=\"summary_large_image\" \/>\n<meta name=\"twitter:label1\" content=\"Temps estimat de lectura\" \/>\n\t<meta name=\"twitter:data1\" content=\"1 minut\" \/>\n<script type=\"application\/ld+json\" class=\"yoast-schema-graph\">{\"@context\":\"https:\/\/schema.org\",\"@graph\":[{\"@type\":\"WebPage\",\"@id\":\"https:\/\/coopdepedal.com\/ca\/producto\/kit-cuadro-bullitt-original-original-bullitt-frameset\/\",\"url\":\"https:\/\/coopdepedal.com\/ca\/producto\/kit-cuadro-bullitt-original-original-bullitt-frameset\/\",\"name\":\"KIT CUADRO BULLITT ORIGINAL - ORIGINAL BULLITT FRAMESET - Coop de Pedal\",\"isPartOf\":{\"@id\":\"https:\/\/coopdepedal.com\/#website\"},\"primaryImageOfPage\":{\"@id\":\"https:\/\/coopdepedal.com\/ca\/producto\/kit-cuadro-bullitt-original-original-bullitt-frameset\/#primaryimage\"},\"image\":{\"@id\":\"https:\/\/coopdepedal.com\/ca\/producto\/kit-cuadro-bullitt-original-original-bullitt-frameset\/#primaryimage\"},\"thumbnailUrl\":\"https:\/\/coopdepedal.com\/wp-content\/uploads\/2025\/03\/Bullitt-Bollocks_2020_0021-1.jpg\",\"datePublished\":\"2025-03-31T16:41:21+00:00\",\"breadcrumb\":{\"@id\":\"https:\/\/coopdepedal.com\/ca\/producto\/kit-cuadro-bullitt-original-original-bullitt-frameset\/#breadcrumb\"},\"inLanguage\":\"ca\",\"potentialAction\":[{\"@type\":\"ReadAction\",\"target\":[\"https:\/\/coopdepedal.com\/ca\/producto\/kit-cuadro-bullitt-original-original-bullitt-frameset\/\"]}]},{\"@type\":\"ImageObject\",\"inLanguage\":\"ca\",\"@id\":\"https:\/\/coopdepedal.com\/ca\/producto\/kit-cuadro-bullitt-original-original-bullitt-frameset\/#primaryimage\",\"url\":\"https:\/\/coopdepedal.com\/wp-content\/uploads\/2025\/03\/Bullitt-Bollocks_2020_0021-1.jpg\",\"contentUrl\":\"https:\/\/coopdepedal.com\/wp-content\/uploads\/2025\/03\/Bullitt-Bollocks_2020_0021-1.jpg\",\"width\":1920,\"height\":1080},{\"@type\":\"BreadcrumbList\",\"@id\":\"https:\/\/coopdepedal.com\/ca\/producto\/kit-cuadro-bullitt-original-original-bullitt-frameset\/#breadcrumb\",\"itemListElement\":[{\"@type\":\"ListItem\",\"position\":1,\"name\":\"Home\",\"item\":\"https:\/\/coopdepedal.com\/\"},{\"@type\":\"ListItem\",\"position\":2,\"name\":\"Shop\",\"item\":\"https:\/\/coopdepedal.com\/ca\/shop\/\"},{\"@type\":\"ListItem\",\"position\":3,\"name\":\"KIT CUADRO BULLITT ORIGINAL &#8211; ORIGINAL BULLITT FRAMESET\"}]},{\"@type\":\"WebSite\",\"@id\":\"https:\/\/coopdepedal.com\/#website\",\"url\":\"https:\/\/coopdepedal.com\/\",\"name\":\"Coop de Pedal\",\"description\":\"Bicimissatgeria express\",\"publisher\":{\"@id\":\"https:\/\/coopdepedal.com\/#organization\"},\"potentialAction\":[{\"@type\":\"SearchAction\",\"target\":{\"@type\":\"EntryPoint\",\"urlTemplate\":\"https:\/\/coopdepedal.com\/?s={search_term_string}\"},\"query-input\":{\"@type\":\"PropertyValueSpecification\",\"valueRequired\":true,\"valueName\":\"search_term_string\"}}],\"inLanguage\":\"ca\"},{\"@type\":\"Organization\",\"@id\":\"https:\/\/coopdepedal.com\/#organization\",\"name\":\"Coop de Pedal\",\"url\":\"https:\/\/coopdepedal.com\/\",\"logo\":{\"@type\":\"ImageObject\",\"inLanguage\":\"ca\",\"@id\":\"https:\/\/coopdepedal.com\/#\/schema\/logo\/image\/\",\"url\":\"https:\/\/coopdepedal.com\/wp-content\/uploads\/2025\/03\/cropped-logotips-coopdepedal-17.png\",\"contentUrl\":\"https:\/\/coopdepedal.com\/wp-content\/uploads\/2025\/03\/cropped-logotips-coopdepedal-17.png\",\"width\":3026,\"height\":1018,\"caption\":\"Coop de Pedal\"},\"image\":{\"@id\":\"https:\/\/coopdepedal.com\/#\/schema\/logo\/image\/\"}}]}<\/script>\n<!-- \/ Yoast SEO plugin. -->","yoast_head_json":{"title":"KIT CUADRO BULLITT ORIGINAL - ORIGINAL BULLITT FRAMESET - Coop de Pedal","robots":{"index":"index","follow":"follow","max-snippet":"max-snippet:-1","max-image-preview":"max-image-preview:large","max-video-preview":"max-video-preview:-1"},"canonical":"https:\/\/coopdepedal.com\/ca\/producto\/kit-cuadro-bullitt-original-original-bullitt-frameset\/","og_locale":"ca_ES","og_type":"article","og_title":"KIT CUADRO BULLITT ORIGINAL - ORIGINAL BULLITT FRAMESET - Coop de Pedal","og_description":"Fabricado durante m\u00e1s de una d\u00e9cada con los m\u00e1s altos est\u00e1ndares de calidad, con cari\u00f1o y atenci\u00f3n por Larry vs. Harry. Probada y clasificada para soportar un peso m\u00e1ximo de 180 kg. Especificaciones: Cuadro de aluminio 7005 T6 con apertura para correa de carbono. Diametro de tubo de sill\u00edn de 31,6 mm, para pedalier roscado [&hellip;]","og_url":"https:\/\/coopdepedal.com\/ca\/producto\/kit-cuadro-bullitt-original-original-bullitt-frameset\/","og_site_name":"Coop de Pedal","og_image":[{"width":1920,"height":1080,"url":"https:\/\/coopdepedal.com\/wp-content\/uploads\/2025\/03\/Bullitt-Bollocks_2020_0021-1.jpg","type":"image\/jpeg"}],"twitter_card":"summary_large_image","twitter_misc":{"Temps estimat de lectura":"1 minut"},"schema":{"@context":"https:\/\/schema.org","@graph":[{"@type":"WebPage","@id":"https:\/\/coopdepedal.com\/ca\/producto\/kit-cuadro-bullitt-original-original-bullitt-frameset\/","url":"https:\/\/coopdepedal.com\/ca\/producto\/kit-cuadro-bullitt-original-original-bullitt-frameset\/","name":"KIT CUADRO BULLITT ORIGINAL - ORIGINAL BULLITT FRAMESET - Coop de Pedal","isPartOf":{"@id":"https:\/\/coopdepedal.com\/#website"},"primaryImageOfPage":{"@id":"https:\/\/coopdepedal.com\/ca\/producto\/kit-cuadro-bullitt-original-original-bullitt-frameset\/#primaryimage"},"image":{"@id":"https:\/\/coopdepedal.com\/ca\/producto\/kit-cuadro-bullitt-original-original-bullitt-frameset\/#primaryimage"},"thumbnailUrl":"https:\/\/coopdepedal.com\/wp-content\/uploads\/2025\/03\/Bullitt-Bollocks_2020_0021-1.jpg","datePublished":"2025-03-31T16:41:21+00:00","breadcrumb":{"@id":"https:\/\/coopdepedal.com\/ca\/producto\/kit-cuadro-bullitt-original-original-bullitt-frameset\/#breadcrumb"},"inLanguage":"ca","potentialAction":[{"@type":"ReadAction","target":["https:\/\/coopdepedal.com\/ca\/producto\/kit-cuadro-bullitt-original-original-bullitt-frameset\/"]}]},{"@type":"ImageObject","inLanguage":"ca","@id":"https:\/\/coopdepedal.com\/ca\/producto\/kit-cuadro-bullitt-original-original-bullitt-frameset\/#primaryimage","url":"https:\/\/coopdepedal.com\/wp-content\/uploads\/2025\/03\/Bullitt-Bollocks_2020_0021-1.jpg","contentUrl":"https:\/\/coopdepedal.com\/wp-content\/uploads\/2025\/03\/Bullitt-Bollocks_2020_0021-1.jpg","width":1920,"height":1080},{"@type":"BreadcrumbList","@id":"https:\/\/coopdepedal.com\/ca\/producto\/kit-cuadro-bullitt-original-original-bullitt-frameset\/#breadcrumb","itemListElement":[{"@type":"ListItem","position":1,"name":"Home","item":"https:\/\/coopdepedal.com\/"},{"@type":"ListItem","position":2,"name":"Shop","item":"https:\/\/coopdepedal.com\/ca\/shop\/"},{"@type":"ListItem","position":3,"name":"KIT CUADRO BULLITT ORIGINAL &#8211; ORIGINAL BULLITT FRAMESET"}]},{"@type":"WebSite","@id":"https:\/\/coopdepedal.com\/#website","url":"https:\/\/coopdepedal.com\/","name":"Coop de Pedal","description":"Bicimissatgeria express","publisher":{"@id":"https:\/\/coopdepedal.com\/#organization"},"potentialAction":[{"@type":"SearchAction","target":{"@type":"EntryPoint","urlTemplate":"https:\/\/coopdepedal.com\/?s={search_term_string}"},"query-input":{"@type":"PropertyValueSpecification","valueRequired":true,"valueName":"search_term_string"}}],"inLanguage":"ca"},{"@type":"Organization","@id":"https:\/\/coopdepedal.com\/#organization","name":"Coop de Pedal","url":"https:\/\/coopdepedal.com\/","logo":{"@type":"ImageObject","inLanguage":"ca","@id":"https:\/\/coopdepedal.com\/#\/schema\/logo\/image\/","url":"https:\/\/coopdepedal.com\/wp-content\/uploads\/2025\/03\/cropped-logotips-coopdepedal-17.png","contentUrl":"https:\/\/coopdepedal.com\/wp-content\/uploads\/2025\/03\/cropped-logotips-coopdepedal-17.png","width":3026,"height":1018,"caption":"Coop de Pedal"},"image":{"@id":"https:\/\/coopdepedal.com\/#\/schema\/logo\/image\/"}}]}},"_links":{"self":[{"href":"https:\/\/coopdepedal.com\/ca\/wp-json\/wp\/v2\/product\/973","targetHints":{"allow":["GET"]}}],"collection":[{"href":"https:\/\/coopdepedal.com\/ca\/wp-json\/wp\/v2\/product"}],"about":[{"href":"https:\/\/coopdepedal.com\/ca\/wp-json\/wp\/v2\/types\/product"}],"replies":[{"embeddable":true,"href":"https:\/\/coopdepedal.com\/ca\/wp-json\/wp\/v2\/comments?post=973"}],"wp:featuredmedia":[{"embeddable":true,"href":"https:\/\/coopdepedal.com\/ca\/wp-json\/wp\/v2\/media\/896"}],"wp:attachment":[{"href":"https:\/\/coopdepedal.com\/ca\/wp-json\/wp\/v2\/media?parent=973"}],"wp:term":[{"taxonomy":"product_brand","embeddable":true,"href":"https:\/\/coopdepedal.com\/ca\/wp-json\/wp\/v2\/product_brand?post=973"},{"taxonomy":"product_cat","embeddable":true,"href":"https:\/\/coopdepedal.com\/ca\/wp-json\/wp\/v2\/product_cat?post=973"},{"taxonomy":"product_tag","embeddable":true,"href":"https:\/\/coopdepedal.com\/ca\/wp-json\/wp\/v2\/product_tag?post=973"}],"curies":[{"name":"wp","href":"https:\/\/api.w.org\/{rel}","templated":true}]}}